{"id":16693,"date":"2025-03-21T07:51:03","date_gmt":"2025-03-21T00:51:03","guid":{"rendered":"https:\/\/lctech.vn\/?page_id=16693"},"modified":"2025-03-21T07:51:03","modified_gmt":"2025-03-21T00:51:03","slug":"chinh-sach-bao-hanh-cua-lc-viet-nam","status":"publish","type":"page","link":"https:\/\/lctech.vn\/en\/chinh-sach-bao-hanh-cua-lc-viet-nam\/","title":{"rendered":"CH\u00cdNH S\u00c1CH B\u1ea2O H\u00c0NH C\u1ee6A LC VI\u1ec6T NAM"},"content":{"rendered":"<p data-sourcepos=\"5:1-5:312\">T\u1ea1i LC Vi\u1ec7t Nam, ch\u00fang t\u00f4i hi\u1ec3u r\u1eb1ng s\u1ef1 tin t\u01b0\u1edfng c\u1ee7a kh\u00e1ch h\u00e0ng l\u00e0 n\u1ec1n t\u1ea3ng cho s\u1ef1 ph\u00e1t tri\u1ec3n b\u1ec1n v\u1eefng. Ch\u00ednh v\u00ec v\u1eady, ch\u00fang t\u00f4i lu\u00f4n cam k\u1ebft mang \u0111\u1ebfn nh\u1eefng s\u1ea3n ph\u1ea9m ch\u1ea5t l\u01b0\u1ee3ng cao c\u00f9ng d\u1ecbch v\u1ee5 h\u1eadu m\u00e3i t\u1eadn t\u00e2m, \u0111\u1eb7c bi\u1ec7t l\u00e0 ch\u00ednh s\u00e1ch b\u1ea3o h\u00e0nh to\u00e0n di\u1ec7n cho c\u00e1c s\u1ea3n ph\u1ea9m m\u00e1y \u0111\u1ecdc ch\u1ec9 s\u1ed1 th\u00f4ng minh n\u01b0\u1edbc, \u0111i\u1ec7n, gas.<\/p>\n<h2 data-sourcepos=\"7:1-7:38\"><strong>1. Cam K\u1ebft Ch\u1ea5t L\u01b0\u1ee3ng v\u00e0 S\u1ef1 An T\u00e2m<\/strong><\/h2>\n<p data-sourcepos=\"9:1-9:327\">Ch\u00fang t\u00f4i t\u1ef1 h\u00e0o cung c\u1ea5p c\u00e1c s\u1ea3n ph\u1ea9m m\u00e1y \u0111\u1ecdc ch\u1ec9 s\u1ed1 th\u00f4ng minh \u0111\u01b0\u1ee3c s\u1ea3n xu\u1ea5t theo quy tr\u00ecnh ki\u1ec3m so\u00e1t ch\u1ea5t l\u01b0\u1ee3ng nghi\u00eam ng\u1eb7t, \u0111\u1ea3m b\u1ea3o \u0111\u1ed9 ch\u00ednh x\u00e1c v\u00e0 \u0111\u1ed9 b\u1ec1n cao. \u0110\u1ec3 mang \u0111\u1ebfn s\u1ef1 an t\u00e2m tuy\u1ec7t \u0111\u1ed1i cho kh\u00e1ch h\u00e0ng, LC Vi\u1ec7t Nam \u00e1p d\u1ee5ng ch\u00ednh s\u00e1ch b\u1ea3o h\u00e0nh 12 th\u00e1ng cho t\u1ea5t c\u1ea3 c\u00e1c s\u1ea3n ph\u1ea9m m\u00e1y \u0111\u1ecdc ch\u1ec9 s\u1ed1 th\u00f4ng minh n\u01b0\u1edbc, \u0111i\u1ec7n, gas.<\/p>\n<h2 data-sourcepos=\"11:1-11:44\"><strong>2. Th\u1eddi Gian B\u1ea3o H\u00e0nh v\u00e0 Ph\u1ea1m Vi \u00c1p D\u1ee5ng<\/strong><\/h2>\n<ul data-sourcepos=\"13:1-15:0\">\n<li data-sourcepos=\"13:1-13:55\"><strong>Th\u1eddi gian b\u1ea3o h\u00e0nh:<\/strong> 12 th\u00e1ng k\u1ec3 t\u1eeb ng\u00e0y mua h\u00e0ng.<\/li>\n<li data-sourcepos=\"14:1-15:0\"><strong>Ph\u1ea1m vi \u00e1p d\u1ee5ng:<\/strong> T\u1ea5t c\u1ea3 c\u00e1c s\u1ea3n ph\u1ea9m m\u00e1y \u0111\u1ecdc ch\u1ec9 s\u1ed1 th\u00f4ng minh n\u01b0\u1edbc, \u0111i\u1ec7n, gas do LC Vi\u1ec7t Nam ph\u00e2n ph\u1ed1i.<\/li>\n<\/ul>\n<h2 data-sourcepos=\"16:1-16:35\"><strong>3. C\u00e1c Tr\u01b0\u1eddng H\u1ee3p \u0110\u01b0\u1ee3c B\u1ea3o H\u00e0nh<\/strong><\/h2>\n<ul data-sourcepos=\"18:1-20:0\">\n<li data-sourcepos=\"18:1-18:38\">L\u1ed7i k\u1ef9 thu\u1eadt do nh\u00e0 s\u1ea3n xu\u1ea5t g\u00e2y ra.<\/li>\n<li data-sourcepos=\"19:1-20:0\">S\u1ea3n ph\u1ea9m ho\u1ea1t \u0111\u1ed9ng kh\u00f4ng \u0111\u00fang ch\u1ee9c n\u0103ng theo th\u00f4ng s\u1ed1 k\u1ef9 thu\u1eadt.<\/li>\n<\/ul>\n<h2 data-sourcepos=\"21:1-21:41\"><strong>4. C\u00e1c Tr\u01b0\u1eddng H\u1ee3p Kh\u00f4ng \u0110\u01b0\u1ee3c B\u1ea3o H\u00e0nh<\/strong><\/h2>\n<ul data-sourcepos=\"23:1-29:0\">\n<li data-sourcepos=\"23:1-23:95\">S\u1ea3n ph\u1ea9m b\u1ecb h\u01b0 h\u1ecfng do s\u1eed d\u1ee5ng sai h\u01b0\u1edbng d\u1eabn, kh\u00f4ng tu\u00e2n th\u1ee7 c\u00e1c khuy\u1ebfn c\u00e1o c\u1ee7a nh\u00e0 s\u1ea3n xu\u1ea5t.<\/li>\n<li data-sourcepos=\"24:1-24:121\">S\u1ea3n ph\u1ea9m b\u1ecb h\u01b0 h\u1ecfng do t\u00e1c \u0111\u1ed9ng ngo\u1ea1i l\u1ef1c, va \u0111\u1eadp, r\u01a1i v\u1ee1, ho\u1eb7c c\u00e1c t\u00e1c \u0111\u1ed9ng t\u1eeb m\u00f4i tr\u01b0\u1eddng (thi\u00ean tai, h\u1ecfa ho\u1ea1n, v.v.).<\/li>\n<li data-sourcepos=\"25:1-25:97\">S\u1ea3n ph\u1ea9m b\u1ecb th\u00e1o r\u1eddi, s\u1eeda ch\u1eefa b\u1edfi c\u00e1c c\u00e1 nh\u00e2n ho\u1eb7c \u0111\u01a1n v\u1ecb kh\u00f4ng \u0111\u01b0\u1ee3c \u1ee7y quy\u1ec1n b\u1edfi LC Vi\u1ec7t Nam.<\/li>\n<li data-sourcepos=\"26:1-26:66\">S\u1ea3n ph\u1ea9m b\u1ecb h\u01b0 h\u1ecfng do hao m\u00f2n t\u1ef1 nhi\u00ean trong qu\u00e1 tr\u00ecnh s\u1eed d\u1ee5ng.<\/li>\n<li data-sourcepos=\"27:1-27:57\">Tem b\u1ea3o h\u00e0nh b\u1ecb r\u00e1ch, m\u1ea5t, ho\u1eb7c c\u00f3 d\u1ea5u hi\u1ec7u b\u1ecb s\u1eeda \u0111\u1ed5i.<\/li>\n<li data-sourcepos=\"28:1-29:0\">Tr\u01b0\u1eddng h\u1ee3p s\u1ea3n ph\u1ea9m b\u1ecb h\u01b0 h\u1ecfng do c\u00e1c y\u1ebfu t\u1ed1 kh\u00e1ch quan nh\u01b0 ngu\u1ed3n \u0111i\u1ec7n kh\u00f4ng \u1ed5n \u0111\u1ecbnh.<\/li>\n<\/ul>\n<h2 data-sourcepos=\"30:1-30:39\"><strong>5. Quy Tr\u00ecnh B\u1ea3o H\u00e0nh Chuy\u00ean Nghi\u1ec7p<\/strong><\/h2>\n<ol data-sourcepos=\"32:1-37:0\">\n<li data-sourcepos=\"32:1-32:188\"><strong>Ti\u1ebfp nh\u1eadn y\u00eau c\u1ea7u:<\/strong> Khi s\u1ea3n ph\u1ea9m g\u1eb7p s\u1ef1 c\u1ed1, kh\u00e1ch h\u00e0ng vui l\u00f2ng li\u00ean h\u1ec7 v\u1edbi b\u1ed9 ph\u1eadn h\u1ed7 tr\u1ee3 kh\u00e1ch h\u00e0ng c\u1ee7a LC Vi\u1ec7t Nam qua hotline +84 88 88 88 395 ho\u1eb7c email [\u0111\u00e3 xo\u00e1 \u0111\u1ecba ch\u1ec9 email].<\/li>\n<li data-sourcepos=\"33:1-33:122\"><strong>X\u00e1c nh\u1eadn th\u00f4ng tin:<\/strong> Kh\u00e1ch h\u00e0ng c\u1ea7n cung c\u1ea5p \u0111\u1ea7y \u0111\u1ee7 th\u00f4ng tin v\u1ec1 s\u1ea3n ph\u1ea9m, t\u00ecnh tr\u1ea1ng h\u01b0 h\u1ecfng, v\u00e0 h\u00f3a \u0111\u01a1n mua h\u00e0ng.<\/li>\n<li data-sourcepos=\"34:1-34:136\"><strong>Ki\u1ec3m tra v\u00e0 x\u1eed l\u00fd:<\/strong> \u0110\u1ed9i ng\u0169 k\u1ef9 thu\u1eadt vi\u00ean chuy\u00ean nghi\u1ec7p c\u1ee7a ch\u00fang t\u00f4i s\u1ebd ti\u1ebfn h\u00e0nh ki\u1ec3m tra v\u00e0 x\u00e1c \u0111\u1ecbnh nguy\u00ean nh\u00e2n g\u00e2y ra s\u1ef1 c\u1ed1.<\/li>\n<li data-sourcepos=\"35:1-35:125\"><strong>S\u1eeda ch\u1eefa ho\u1eb7c \u0111\u1ed5i m\u1edbi:<\/strong> T\u00f9y thu\u1ed9c v\u00e0o m\u1ee9c \u0111\u1ed9 h\u01b0 h\u1ecfng, s\u1ea3n ph\u1ea9m s\u1ebd \u0111\u01b0\u1ee3c s\u1eeda ch\u1eefa ho\u1eb7c \u0111\u1ed5i m\u1edbi trong th\u1eddi gian s\u1edbm nh\u1ea5t.<\/li>\n<li data-sourcepos=\"36:1-37:0\"><strong>Tr\u1ea3 s\u1ea3n ph\u1ea9m:<\/strong> S\u1ea3n ph\u1ea9m sau khi \u0111\u01b0\u1ee3c s\u1eeda ch\u1eefa ho\u1eb7c \u0111\u1ed5i m\u1edbi s\u1ebd \u0111\u01b0\u1ee3c giao l\u1ea1i cho kh\u00e1ch h\u00e0ng.<\/li>\n<\/ol>\n<h2 data-sourcepos=\"38:1-38:23\"><strong>6. Chi Ph\u00ed B\u1ea3o H\u00e0nh<\/strong><\/h2>\n<ul data-sourcepos=\"40:1-42:0\">\n<li data-sourcepos=\"40:1-40:113\">Trong th\u1eddi gian b\u1ea3o h\u00e0nh, c\u00e1c chi ph\u00ed s\u1eeda ch\u1eefa v\u00e0 thay th\u1ebf linh ki\u1ec7n (thu\u1ed9c ph\u1ea1m vi b\u1ea3o h\u00e0nh) s\u1ebd \u0111\u01b0\u1ee3c mi\u1ec5n ph\u00ed.<\/li>\n<li data-sourcepos=\"41:1-42:0\">Kh\u00e1ch h\u00e0ng ch\u1ec9 ch\u1ecbu chi ph\u00ed v\u1eadn chuy\u1ec3n s\u1ea3n ph\u1ea9m \u0111\u1ebfn trung t\u00e2m b\u1ea3o h\u00e0nh c\u1ee7a LC Vi\u1ec7t Nam.<\/li>\n<\/ul>\n<h2 data-sourcepos=\"43:1-43:25\"><strong>7. Trung T\u00e2m B\u1ea3o H\u00e0nh<\/strong><\/h2>\n<ul data-sourcepos=\"45:1-48:0\">\n<li data-sourcepos=\"45:1-45:64\">\u0110\u1ecba ch\u1ec9: S\u1ed1 10, T\u1ed5 4, Ph\u01b0\u1eddng Ph\u00fa \u0110\u00f4, Qu\u1eadn Nam T\u1eeb Li\u00eam, H\u00e0 N\u1ed9i.<\/li>\n<li data-sourcepos=\"46:1-46:27\">Hotline: +84 88 88 88 395<\/li>\n<\/ul>\n<p data-sourcepos=\"49:1-49:31\"><strong>8. Quy\u1ec1n L\u1ee3i C\u1ee7a Kh\u00e1ch H\u00e0ng<\/strong><\/p>\n<ul data-sourcepos=\"51:1-54:0\">\n<li data-sourcepos=\"51:1-51:72\">\u0110\u01b0\u1ee3c \u0111\u1ea3m b\u1ea3o v\u1ec1 ch\u1ea5t l\u01b0\u1ee3ng s\u1ea3n ph\u1ea9m v\u00e0 d\u1ecbch v\u1ee5 b\u1ea3o h\u00e0nh chuy\u00ean nghi\u1ec7p.<\/li>\n<li data-sourcepos=\"52:1-52:75\">\u0110\u01b0\u1ee3c h\u1ed7 tr\u1ee3 nhanh ch\u00f3ng v\u00e0 t\u1eadn t\u00ecnh t\u1eeb \u0111\u1ed9i ng\u0169 nh\u00e2n vi\u00ean c\u1ee7a LC Vi\u1ec7t Nam.<\/li>\n<li data-sourcepos=\"53:1-54:0\">\u0110\u01b0\u1ee3c \u0111\u1ed5i m\u1edbi s\u1ea3n ph\u1ea9m n\u1ebfu kh\u00f4ng th\u1ec3 s\u1eeda ch\u1eefa trong th\u1eddi gian quy \u0111\u1ecbnh.<\/li>\n<\/ul>\n<h2 data-sourcepos=\"55:1-55:23\"><strong>9. L\u01b0u \u00dd Quan Tr\u1ecdng<\/strong><\/h2>\n<ul data-sourcepos=\"57:1-60:0\">\n<li data-sourcepos=\"57:1-57:96\">Kh\u00e1ch h\u00e0ng vui l\u00f2ng gi\u1eef l\u1ea1i h\u00f3a \u0111\u01a1n mua h\u00e0ng v\u00e0 tem b\u1ea3o h\u00e0nh \u0111\u1ec3 \u0111\u01b0\u1ee3c h\u01b0\u1edfng quy\u1ec1n l\u1ee3i b\u1ea3o h\u00e0nh.<\/li>\n<li data-sourcepos=\"58:1-58:99\">LC Vi\u1ec7t Nam c\u00f3 quy\u1ec1n t\u1eeb ch\u1ed1i b\u1ea3o h\u00e0nh \u0111\u1ed1i v\u1edbi c\u00e1c tr\u01b0\u1eddng h\u1ee3p kh\u00f4ng \u0111\u00e1p \u1ee9ng \u0111\u1ee7 \u0111i\u1ec1u ki\u1ec7n b\u1ea3o h\u00e0nh.<\/li>\n<li data-sourcepos=\"59:1-60:0\">M\u1ecdi th\u00f4ng tin chi ti\u1ebft v\u1ec1 ch\u00ednh s\u00e1ch b\u1ea3o h\u00e0nh c\u00f3 th\u1ec3 \u0111\u01b0\u1ee3c c\u1eadp nh\u1eadt tr\u00ean website <a href=\"https:\/\/lctech.vn\/en\/\" target=\"_blank\" rel=\"noopener\">https:\/\/lctech.vn<\/a> c\u1ee7a ch\u00fang t\u00f4i.<\/li>\n<\/ul>\n<p data-sourcepos=\"61:1-61:120\">LC Vi\u1ec7t Nam cam k\u1ebft kh\u00f4ng ng\u1eebng n\u00e2ng cao ch\u1ea5t l\u01b0\u1ee3ng s\u1ea3n ph\u1ea9m v\u00e0 d\u1ecbch v\u1ee5 \u0111\u1ec3 mang \u0111\u1ebfn s\u1ef1 h\u00e0i l\u00f2ng cao nh\u1ea5t cho kh\u00e1ch h\u00e0ng.<\/p>\n<h2 data-sourcepos=\"63:1-63:25\"><strong>Li\u00ean H\u1ec7 V\u1edbi Ch\u00fang T\u00f4i<\/strong><\/h2>\n<p data-sourcepos=\"65:1-65:108\">N\u1ebfu b\u1ea1n c\u00f3 b\u1ea5t k\u1ef3 th\u1eafc m\u1eafc n\u00e0o v\u1ec1 ch\u00ednh s\u00e1ch b\u1ea3o h\u00e0nh, xin vui l\u00f2ng li\u00ean h\u1ec7 v\u1edbi ch\u00fang t\u00f4i qua th\u00f4ng tin sau:<\/p>\n<ul data-sourcepos=\"67:1-69:0\">\n<li data-sourcepos=\"67:1-67:27\">Hotline: +84 88 88 88 395<\/li>\n<li data-sourcepos=\"68:1-69:0\">Ch\u00fang t\u00f4i lu\u00f4n s\u1eb5n s\u00e0ng h\u1ed7 tr\u1ee3 b\u1ea1n!<\/li>\n<\/ul>","protected":false},"excerpt":{"rendered":"<p>T\u1ea1i LC Vi\u1ec7t Nam, ch\u00fang t\u00f4i hi\u1ec3u r\u1eb1ng s\u1ef1 tin t\u01b0\u1edfng c\u1ee7a kh\u00e1ch h\u00e0ng l\u00e0 n\u1ec1n t\u1ea3ng cho s\u1ef1 ph\u00e1t<\/p>","protected":false},"author":1,"featured_media":0,"parent":0,"menu_order":0,"comment_status":"closed","ping_status":"closed","template":"","meta":{"footnotes":""},"class_list":["post-16693","page","type-page","status-publish","hentry"],"yoast_head":"<!-- This site is optimized with the Yoast SEO Premium plugin v24.5 (Yoast SEO v25.8) - https:\/\/yoast.com\/wordpress\/plugins\/seo\/ -->\n<title>CH\u00cdNH S\u00c1CH B\u1ea2O H\u00c0NH C\u1ee6A LC VI\u1ec6T NAM - LC Tech<\/title>\n<meta name=\"robots\" content=\"index, follow, max-snippet:-1, max-image-preview:large, max-video-preview:-1\" \/>\n<link rel=\"canonical\" href=\"https:\/\/lctech.vn\/en\/chinh-sach-bao-hanh-cua-lc-viet-nam\/\" \/>\n<meta property=\"og:locale\" content=\"en_US\" \/>\n<meta property=\"og:type\" content=\"article\" \/>\n<meta property=\"og:title\" content=\"CH\u00cdNH S\u00c1CH B\u1ea2O H\u00c0NH C\u1ee6A LC VI\u1ec6T NAM\" \/>\n<meta property=\"og:description\" content=\"T\u1ea1i LC Vi\u1ec7t Nam, ch\u00fang t\u00f4i hi\u1ec3u r\u1eb1ng s\u1ef1 tin t\u01b0\u1edfng c\u1ee7a kh\u00e1ch h\u00e0ng l\u00e0 n\u1ec1n t\u1ea3ng cho s\u1ef1 ph\u00e1t\" \/>\n<meta property=\"og:url\" content=\"https:\/\/lctech.vn\/en\/chinh-sach-bao-hanh-cua-lc-viet-nam\/\" \/>\n<meta property=\"og:site_name\" content=\"LC Tech\" \/>\n<meta name=\"twitter:card\" content=\"summary_large_image\" \/>\n<meta name=\"twitter:label1\" content=\"Est. reading time\" \/>\n\t<meta name=\"twitter:data1\" content=\"6 minutes\" \/>\n<!-- \/ Yoast SEO Premium plugin. -->","yoast_head_json":{"title":"CH\u00cdNH S\u00c1CH B\u1ea2O H\u00c0NH C\u1ee6A LC VI\u1ec6T NAM - LC Tech","robots":{"index":"index","follow":"follow","max-snippet":"max-snippet:-1","max-image-preview":"max-image-preview:large","max-video-preview":"max-video-preview:-1"},"canonical":"https:\/\/lctech.vn\/en\/chinh-sach-bao-hanh-cua-lc-viet-nam\/","og_locale":"en_US","og_type":"article","og_title":"CH\u00cdNH S\u00c1CH B\u1ea2O H\u00c0NH C\u1ee6A LC VI\u1ec6T NAM","og_description":"T\u1ea1i LC Vi\u1ec7t Nam, ch\u00fang t\u00f4i hi\u1ec3u r\u1eb1ng s\u1ef1 tin t\u01b0\u1edfng c\u1ee7a kh\u00e1ch h\u00e0ng l\u00e0 n\u1ec1n t\u1ea3ng cho s\u1ef1 ph\u00e1t","og_url":"https:\/\/lctech.vn\/en\/chinh-sach-bao-hanh-cua-lc-viet-nam\/","og_site_name":"LC Tech","twitter_card":"summary_large_image","twitter_misc":{"Est. reading time":"6 minutes"},"schema":{"@context":"https:\/\/schema.org","@graph":[{"@type":"WebPage","@id":"https:\/\/lctech.vn\/chinh-sach-bao-hanh-cua-lc-viet-nam\/","url":"https:\/\/lctech.vn\/chinh-sach-bao-hanh-cua-lc-viet-nam\/","name":"CH\u00cdNH S\u00c1CH B\u1ea2O H\u00c0NH C\u1ee6A LC VI\u1ec6T NAM - LC Tech","isPartOf":{"@id":"https:\/\/lctech.vn\/#website"},"datePublished":"2025-03-21T00:51:03+00:00","breadcrumb":{"@id":"https:\/\/lctech.vn\/chinh-sach-bao-hanh-cua-lc-viet-nam\/#breadcrumb"},"inLanguage":"en-US","potentialAction":[{"@type":"ReadAction","target":["https:\/\/lctech.vn\/chinh-sach-bao-hanh-cua-lc-viet-nam\/"]}]},{"@type":"BreadcrumbList","@id":"https:\/\/lctech.vn\/chinh-sach-bao-hanh-cua-lc-viet-nam\/#breadcrumb","itemListElement":[{"@type":"ListItem","position":1,"name":"Home","item":"https:\/\/lctech.vn\/"},{"@type":"ListItem","position":2,"name":"CH\u00cdNH S\u00c1CH B\u1ea2O H\u00c0NH C\u1ee6A LC VI\u1ec6T NAM"}]},{"@type":"WebSite","@id":"https:\/\/lctech.vn\/#website","url":"https:\/\/lctech.vn\/","name":"LC Tech","description":"Smart reader meter MMM","publisher":{"@id":"https:\/\/lctech.vn\/#organization"},"potentialAction":[{"@type":"SearchAction","target":{"@type":"EntryPoint","urlTemplate":"https:\/\/lctech.vn\/?s={search_term_string}"},"query-input":{"@type":"PropertyValueSpecification","valueRequired":true,"valueName":"search_term_string"}}],"inLanguage":"en-US"},{"@type":"Organization","@id":"https:\/\/lctech.vn\/#organization","name":"LC Tech","url":"https:\/\/lctech.vn\/","logo":{"@type":"ImageObject","inLanguage":"en-US","@id":"https:\/\/lctech.vn\/#\/schema\/logo\/image\/","url":"https:\/\/lctech.vn\/wp-content\/uploads\/2024\/05\/icon.png","contentUrl":"https:\/\/lctech.vn\/wp-content\/uploads\/2024\/05\/icon.png","width":257,"height":257,"caption":"LC Tech"},"image":{"@id":"https:\/\/lctech.vn\/#\/schema\/logo\/image\/"}}]}},"_links":{"self":[{"href":"https:\/\/lctech.vn\/en\/wp-json\/wp\/v2\/pages\/16693","targetHints":{"allow":["GET"]}}],"collection":[{"href":"https:\/\/lctech.vn\/en\/wp-json\/wp\/v2\/pages"}],"about":[{"href":"https:\/\/lctech.vn\/en\/wp-json\/wp\/v2\/types\/page"}],"author":[{"embeddable":true,"href":"https:\/\/lctech.vn\/en\/wp-json\/wp\/v2\/users\/1"}],"replies":[{"embeddable":true,"href":"https:\/\/lctech.vn\/en\/wp-json\/wp\/v2\/comments?post=16693"}],"version-history":[{"count":2,"href":"https:\/\/lctech.vn\/en\/wp-json\/wp\/v2\/pages\/16693\/revisions"}],"predecessor-version":[{"id":16695,"href":"https:\/\/lctech.vn\/en\/wp-json\/wp\/v2\/pages\/16693\/revisions\/16695"}],"wp:attachment":[{"href":"https:\/\/lctech.vn\/en\/wp-json\/wp\/v2\/media?parent=16693"}],"curies":[{"name":"wp","href":"https:\/\/api.w.org\/{rel}","templated":true}]}}