{"id":16914,"date":"2025-04-15T10:42:20","date_gmt":"2025-04-15T03:42:20","guid":{"rendered":"https:\/\/lctech.vn\/?post_type=product&#038;p=16914"},"modified":"2026-01-21T20:22:51","modified_gmt":"2026-01-21T13:22:51","slug":"may-doc-chi-so-gas-thong-minh-mmm","status":"publish","type":"product","link":"https:\/\/lctech.vn\/en\/product\/may-doc-chi-so-gas-thong-minh-mmm\/","title":{"rendered":"M\u00e1y \u0111\u1ecdc ch\u1ec9 s\u1ed1 Gas th\u00f4ng minh MMM"},"content":{"rendered":"<p dir=\"ltr\" data-pm-slice=\"1 1 []\"><strong>M\u00e1y \u0111\u1ecdc ch\u1ec9 s\u1ed1 Gas th\u00f4ng minh MMM<\/strong> l\u00e0 m\u1ed9t thi\u1ebft b\u1ecb ti\u00ean ti\u1ebfn \u0111\u01b0\u1ee3c thi\u1ebft k\u1ebf \u0111\u1ec3 \u0111o l\u01b0\u1eddng v\u00e0 gi\u00e1m s\u00e1t ch\u00ednh x\u00e1c m\u1ee9c ti\u00eau th\u1ee5 kh\u00ed gas, gi\u00fap ng\u01b0\u1eddi d\u00f9ng t\u1ed1i \u01b0u h\u00f3a vi\u1ec7c s\u1eed d\u1ee5ng n\u0103ng l\u01b0\u1ee3ng v\u00e0 ti\u1ebft ki\u1ec7m chi ph\u00ed. \u0110\u01b0\u1ee3c ph\u00e1t tri\u1ec3n b\u1edfi <strong>C\u00f4ng ty TNHH C\u00f4ng ngh\u1ec7 LC Vi\u1ec7t Nam<\/strong>, m\u1ed9t doanh nghi\u1ec7p ti\u00ean phong trong l\u0129nh v\u1ef1c c\u00f4ng ngh\u1ec7 th\u00f4ng minh h\u01b0\u1edbng t\u1edbi cu\u1ed9c s\u1ed1ng xanh v\u00e0 b\u1ec1n v\u1eefng, MMM l\u00e0 gi\u1ea3i ph\u00e1p l\u00fd t\u01b0\u1edfng cho c\u1ea3 h\u1ed9 gia \u0111\u00ecnh v\u00e0 doanh nghi\u1ec7p.<\/p>\n<h2 dir=\"ltr\">\u0110\u1eb7c \u0110i\u1ec3m N\u1ed5i B\u1eadt<\/h2>\n<ul class=\"tight\" dir=\"ltr\" data-tight=\"true\">\n<li>\n<p dir=\"ltr\"><strong>\u1ee8ng d\u1ee5ng \u0111a n\u0103ng<\/strong>: \u0110o l\u01b0\u1eddng ch\u00ednh x\u00e1c l\u01b0\u1ee3ng kh\u00ed gas ti\u00eau th\u1ee5, ph\u00f9 h\u1ee3p cho nhu c\u1ea7u qu\u1ea3n l\u00fd t\u00e0i nguy\u00ean c\u1ee7a h\u1ed9 gia \u0111\u00ecnh l\u1eabn doanh nghi\u1ec7p.<\/p>\n<\/li>\n<li>\n<p dir=\"ltr\"><strong>L\u1ee3i \u00edch v\u01b0\u1ee3t tr\u1ed9i<\/strong>:<\/p>\n<ol class=\"tight\" dir=\"ltr\" data-tight=\"true\">\n<li>\n<p dir=\"ltr\">Ti\u1ebft ki\u1ec7m t\u1eeb <strong>5% \u0111\u1ebfn 20% n\u0103ng l\u01b0\u1ee3ng ti\u00eau th\u1ee5<\/strong> nh\u1edd kh\u1ea3 n\u0103ng gi\u00e1m s\u00e1t th\u00f4ng minh.<\/p>\n<\/li>\n<li>\n<p dir=\"ltr\"><strong>Optimize operational costs<\/strong>, gi\u1ea3m thi\u1ec3u l\u00e3ng ph\u00ed t\u00e0i nguy\u00ean.<\/p>\n<\/li>\n<li>\n<p dir=\"ltr\"><strong>Ti\u1ebft ki\u1ec7m th\u1eddi gian v\u00e0 nh\u00e2n l\u1ef1c<\/strong>, lo\u1ea1i b\u1ecf sai s\u00f3t t\u1eeb ph\u01b0\u01a1ng ph\u00e1p th\u1ee7 c\u00f4ng.<\/p>\n<\/li>\n<li>\n<p dir=\"ltr\"><strong>Th\u00fac \u0111\u1ea9y chuy\u1ec3n \u0111\u1ed5i s\u1ed1 &#8211; ESG<\/strong>, h\u1ed7 tr\u1ee3 chi\u1ebfn l\u01b0\u1ee3c ph\u00e1t tri\u1ec3n b\u1ec1n v\u1eefng.<\/p>\n<\/li>\n<\/ol>\n<\/li>\n<li>\n<p dir=\"ltr\"><strong>Core functions<\/strong>:<\/p>\n<ol class=\"tight\" dir=\"ltr\" data-tight=\"true\">\n<li>\n<p dir=\"ltr\">\u0110o l\u01b0\u1eddng, th\u1ed1ng k\u00ea v\u00e0 gi\u00e1m s\u00e1t m\u1ee9c ti\u00eau th\u1ee5 kh\u00ed gas theo th\u1eddi gian th\u1ef1c.<\/p>\n<\/li>\n<li>\n<p dir=\"ltr\">T\u00edch h\u1ee3p v\u1edbi c\u00e1c n\u1ec1n t\u1ea3ng qu\u1ea3n l\u00fd th\u00f4ng minh.<\/p>\n<\/li>\n<li>\n<p dir=\"ltr\">Qu\u1ea3n l\u00fd t\u1eadp trung, ti\u1ec7n l\u1ee3i t\u1eeb xa.<\/p>\n<\/li>\n<\/ol>\n<\/li>\n<\/ul>\n<h2 dir=\"ltr\">Thi\u1ebft K\u1ebf v\u00e0 C\u1ea5u H\u00ecnh<\/h2>\n<ul class=\"tight\" dir=\"ltr\" data-tight=\"true\">\n<li>\n<p dir=\"ltr\"><strong>Thi\u1ebft k\u1ebf hi\u1ec7n \u0111\u1ea1i<\/strong>: G\u1ecdn nh\u1eb9, d\u1ec5 l\u1eafp \u0111\u1eb7t, ph\u00f9 h\u1ee3p v\u1edbi c\u1ea3 m\u00f4i tr\u01b0\u1eddng d\u00e2n d\u1ee5ng v\u00e0 c\u00f4ng nghi\u1ec7p.<\/p>\n<\/li>\n<li>\n<p dir=\"ltr\"><strong>V\u1eadt li\u1ec7u b\u1ec1n b\u1ec9<\/strong>: B\u1ec1 m\u1eb7t thi\u1ebft b\u1ecb \u0111\u01b0\u1ee3c l\u00e0m t\u1eeb ch\u1ea5t li\u1ec7u cao c\u1ea5p, \u0111\u1ea3m b\u1ea3o \u0111\u1ed9 b\u1ec1n v\u00e0 kh\u1ea3 n\u0103ng ho\u1ea1t \u0111\u1ed9ng \u1ed5n \u0111\u1ecbnh trong th\u1eddi gian d\u00e0i.<\/p>\n<\/li>\n<\/ul>\n<h2 dir=\"ltr\">Benefits of Use<\/h2>\n<ul class=\"tight\" dir=\"ltr\" data-tight=\"true\">\n<li>\n<p dir=\"ltr\"><strong>Ti\u1ebft ki\u1ec7m chi ph\u00ed<\/strong>: Theo d\u00f5i v\u00e0 qu\u1ea3n l\u00fd hi\u1ec7u qu\u1ea3 ti\u00eau th\u1ee5 gas, gi\u00fap gi\u1ea3m h\u00f3a \u0111\u01a1n n\u0103ng l\u01b0\u1ee3ng.<\/p>\n<\/li>\n<li>\n<p dir=\"ltr\"><strong>H\u1ed7 tr\u1ee3 chuy\u1ec3n \u0111\u1ed5i s\u1ed1<\/strong>: G\u00f3p ph\u1ea7n s\u1ed1 h\u00f3a vi\u1ec7c qu\u1ea3n l\u00fd t\u00e0i nguy\u00ean, ph\u00f9 h\u1ee3p v\u1edbi xu h\u01b0\u1edbng ph\u00e1t tri\u1ec3n b\u1ec1n v\u1eefng.<\/p>\n<\/li>\n<li>\n<p dir=\"ltr\"><strong>T\u00edch h\u1ee3p linh ho\u1ea1t<\/strong>: D\u1ec5 d\u00e0ng k\u1ebft n\u1ed1i v\u1edbi h\u1ec7 th\u1ed1ng qu\u1ea3n l\u00fd t\u1eadp trung c\u1ee7a doanh nghi\u1ec7p ho\u1eb7c h\u1ed9 gia \u0111\u00ecnh.<\/p>\n<\/li>\n<\/ul>\n<h2 dir=\"ltr\">Ch\u1ee9ng Nh\u1eadn v\u00e0 Gi\u1ea3i Th\u01b0\u1edfng<\/h2>\n<p dir=\"ltr\">S\u1ea3n ph\u1ea9m \u0111\u01b0\u1ee3c c\u00f4ng nh\u1eadn b\u1edfi c\u00e1c t\u1ed5 ch\u1ee9c uy t\u00edn:<\/p>\n<ul class=\"tight\" dir=\"ltr\" data-tight=\"true\">\n<li>\n<p dir=\"ltr\"><strong>Gi\u1ea3i th\u01b0\u1edfng t\u1ea1i Hackathon 2020 &#8211; Smart City<\/strong>: Ghi nh\u1eadn s\u1ef1 \u0111\u1ed5i m\u1edbi trong c\u00f4ng ngh\u1ec7 th\u00f4ng minh.<\/p>\n<\/li>\n<li>\n<p dir=\"ltr\"><strong>Ch\u1ee9ng nh\u1eadn \u0111\u1ea1t chu\u1ea9n qu\u1ed1c t\u1ebf (Certificate of Accreditation)<\/strong>: \u0110\u1ea3m b\u1ea3o ch\u1ea5t l\u01b0\u1ee3ng v\u00e0 \u0111\u1ed9 tin c\u1eady.<\/p>\n<\/li>\n<li>\n<p dir=\"ltr\"><strong>Gi\u1ea3i Nh\u1ea5t City (Gi\u1ea3i th\u01b0\u1edfng th\u00e0nh ph\u1ed1)<\/strong>: Kh\u1eb3ng \u0111\u1ecbnh gi\u00e1 tr\u1ecb trong vi\u1ec7c x\u00e2y d\u1ef1ng \u0111\u00f4 th\u1ecb th\u00f4ng minh.<\/p>\n<\/li>\n<li>\n<p dir=\"ltr\">C\u00e1c b\u1eb1ng khen v\u00e0 ch\u1ee9ng ch\u1ec9 t\u1eeb <strong>IBAC<\/strong> c\u00f9ng nhi\u1ec1u t\u1ed5 ch\u1ee9c li\u00ean quan.<\/p>\n<\/li>\n<\/ul>\n<h2 dir=\"ltr\">H\u00e3y Tr\u1ea3i Nghi\u1ec7m Ngay!<\/h2>\n<p dir=\"ltr\"><strong>T\u1ea1i sao b\u1ea1n kh\u00f4ng th\u1eed ngay s\u1ea3n ph\u1ea9m n\u00e0y c\u00f9ng t\u00f4i?<\/strong> M\u00e1y \u0111\u1ecdc ch\u1ec9 s\u1ed1 Gas th\u00f4ng minh MMM kh\u00f4ng ch\u1ec9 l\u00e0 m\u1ed9t thi\u1ebft b\u1ecb \u0111o l\u01b0\u1eddng m\u00e0 c\u00f2n l\u00e0 gi\u1ea3i ph\u00e1p to\u00e0n di\u1ec7n gi\u00fap t\u1ed1i \u01b0u h\u00f3a t\u00e0i nguy\u00ean, ti\u1ebft ki\u1ec7m chi ph\u00ed v\u00e0 th\u00fac \u0111\u1ea9y chuy\u1ec3n \u0111\u1ed5i s\u1ed1. V\u1edbi c\u00f4ng ngh\u1ec7 ti\u00ean ti\u1ebfn v\u00e0 nh\u1eefng ch\u1ee9ng nh\u1eadn danh gi\u00e1, MMM l\u00e0 s\u1ef1 l\u1ef1a ch\u1ecdn ho\u00e0n h\u1ea3o cho cu\u1ed9c s\u1ed1ng hi\u1ec7n \u0111\u1ea1i v\u00e0 b\u1ec1n v\u1eefng.<\/p>\n<p dir=\"ltr\"><em>Li\u00ean h\u1ec7 ngay: C\u00f4ng ty TNHH C\u00f4ng ngh\u1ec7 LC Vi\u1ec7t Nam &#8211; S\u1ed1 10, t\u1ed5 4, ph\u01b0\u1eddng T\u1eeb Li\u00eam, th\u00e0nh ph\u1ed1 H\u00e0 N\u1ed9i | Email: email@lctech.vn | Website: https:\/\/lctech.vn\/<\/em><\/p>","protected":false},"excerpt":{"rendered":"<p>M\u00e1y \u0111\u1ecdc ch\u1ec9 s\u1ed1 Gas th\u00f4ng minh MMM l\u00e0 m\u1ed9t thi\u1ebft b\u1ecb ti\u00ean ti\u1ebfn \u0111\u01b0\u1ee3c thi\u1ebft k\u1ebf \u0111\u1ec3 \u0111o l\u01b0\u1eddng<\/p>","protected":false},"featured_media":15880,"template":"","meta":[],"product_brand":[103],"product_cat":[60],"product_tag":[],"class_list":{"0":"post-16914","1":"product","2":"type-product","3":"status-publish","4":"has-post-thumbnail","6":"product_brand-mmm","7":"product_cat-may-doc-gas-khi","9":"first","10":"instock","11":"taxable","12":"shipping-taxable","13":"product-type-simple"},"yoast_head":"<!-- This site is optimized with the Yoast SEO Premium plugin v24.5 (Yoast SEO v25.8) - https:\/\/yoast.com\/wordpress\/plugins\/seo\/ -->\n<title>M\u00e1y \u0111\u1ecdc ch\u1ec9 s\u1ed1 Gas th\u00f4ng minh MMM - LC Tech<\/title>\n<meta name=\"robots\" content=\"index, follow, max-snippet:-1, max-image-preview:large, max-video-preview:-1\" \/>\n<link rel=\"canonical\" href=\"https:\/\/lctech.vn\/en\/product\/may-doc-chi-so-gas-thong-minh-mmm\/\" \/>\n<meta property=\"og:locale\" content=\"en_US\" \/>\n<meta property=\"og:type\" content=\"article\" \/>\n<meta property=\"og:title\" content=\"M\u00e1y \u0111\u1ecdc ch\u1ec9 s\u1ed1 Gas th\u00f4ng minh MMM\" \/>\n<meta property=\"og:description\" content=\"M\u00e1y \u0111\u1ecdc ch\u1ec9 s\u1ed1 Gas th\u00f4ng minh MMM l\u00e0 m\u1ed9t thi\u1ebft b\u1ecb ti\u00ean ti\u1ebfn \u0111\u01b0\u1ee3c thi\u1ebft k\u1ebf \u0111\u1ec3 \u0111o l\u01b0\u1eddng\" \/>\n<meta property=\"og:url\" content=\"https:\/\/lctech.vn\/en\/product\/may-doc-chi-so-gas-thong-minh-mmm\/\" \/>\n<meta property=\"og:site_name\" content=\"LC Tech\" \/>\n<meta property=\"article:modified_time\" content=\"2026-01-21T13:22:51+00:00\" \/>\n<meta property=\"og:image\" content=\"https:\/\/lctech.vn\/wp-content\/uploads\/2025\/01\/2-1.png\" \/>\n\t<meta property=\"og:image:width\" content=\"580\" \/>\n\t<meta property=\"og:image:height\" content=\"460\" \/>\n\t<meta property=\"og:image:type\" content=\"image\/png\" \/>\n<meta name=\"twitter:card\" content=\"summary_large_image\" \/>\n<meta name=\"twitter:label1\" content=\"Est. reading time\" \/>\n\t<meta name=\"twitter:data1\" content=\"4 minutes\" \/>\n<!-- \/ Yoast SEO Premium plugin. -->","yoast_head_json":{"title":"M\u00e1y \u0111\u1ecdc ch\u1ec9 s\u1ed1 Gas th\u00f4ng minh MMM - LC Tech","robots":{"index":"index","follow":"follow","max-snippet":"max-snippet:-1","max-image-preview":"max-image-preview:large","max-video-preview":"max-video-preview:-1"},"canonical":"https:\/\/lctech.vn\/en\/product\/may-doc-chi-so-gas-thong-minh-mmm\/","og_locale":"en_US","og_type":"article","og_title":"M\u00e1y \u0111\u1ecdc ch\u1ec9 s\u1ed1 Gas th\u00f4ng minh MMM","og_description":"M\u00e1y \u0111\u1ecdc ch\u1ec9 s\u1ed1 Gas th\u00f4ng minh MMM l\u00e0 m\u1ed9t thi\u1ebft b\u1ecb ti\u00ean ti\u1ebfn \u0111\u01b0\u1ee3c thi\u1ebft k\u1ebf \u0111\u1ec3 \u0111o l\u01b0\u1eddng","og_url":"https:\/\/lctech.vn\/en\/product\/may-doc-chi-so-gas-thong-minh-mmm\/","og_site_name":"LC Tech","article_modified_time":"2026-01-21T13:22:51+00:00","og_image":[{"width":580,"height":460,"url":"https:\/\/lctech.vn\/wp-content\/uploads\/2025\/01\/2-1.png","type":"image\/png"}],"twitter_card":"summary_large_image","twitter_misc":{"Est. reading time":"4 minutes"},"schema":{"@context":"https:\/\/schema.org","@graph":[{"@type":"WebPage","@id":"https:\/\/lctech.vn\/san-pham\/may-doc-chi-so-gas-thong-minh-mmm\/","url":"https:\/\/lctech.vn\/san-pham\/may-doc-chi-so-gas-thong-minh-mmm\/","name":"M\u00e1y \u0111\u1ecdc ch\u1ec9 s\u1ed1 Gas th\u00f4ng minh MMM - LC Tech","isPartOf":{"@id":"https:\/\/lctech.vn\/#website"},"primaryImageOfPage":{"@id":"https:\/\/lctech.vn\/san-pham\/may-doc-chi-so-gas-thong-minh-mmm\/#primaryimage"},"image":{"@id":"https:\/\/lctech.vn\/san-pham\/may-doc-chi-so-gas-thong-minh-mmm\/#primaryimage"},"thumbnailUrl":"https:\/\/lctech.vn\/wp-content\/uploads\/2025\/01\/2-1.png","datePublished":"2025-04-15T03:42:20+00:00","dateModified":"2026-01-21T13:22:51+00:00","breadcrumb":{"@id":"https:\/\/lctech.vn\/san-pham\/may-doc-chi-so-gas-thong-minh-mmm\/#breadcrumb"},"inLanguage":"en-US","potentialAction":[{"@type":"ReadAction","target":["https:\/\/lctech.vn\/san-pham\/may-doc-chi-so-gas-thong-minh-mmm\/"]}]},{"@type":"ImageObject","inLanguage":"en-US","@id":"https:\/\/lctech.vn\/san-pham\/may-doc-chi-so-gas-thong-minh-mmm\/#primaryimage","url":"https:\/\/lctech.vn\/wp-content\/uploads\/2025\/01\/2-1.png","contentUrl":"https:\/\/lctech.vn\/wp-content\/uploads\/2025\/01\/2-1.png","width":580,"height":460},{"@type":"BreadcrumbList","@id":"https:\/\/lctech.vn\/san-pham\/may-doc-chi-so-gas-thong-minh-mmm\/#breadcrumb","itemListElement":[{"@type":"ListItem","position":1,"name":"Home","item":"https:\/\/lctech.vn\/"},{"@type":"ListItem","position":2,"name":"S\u1ea3n ph\u1ea9m","item":"https:\/\/lctech.vn\/san-pham\/"},{"@type":"ListItem","position":3,"name":"M\u00e1y \u0111\u1ecdc ch\u1ec9 s\u1ed1 Gas th\u00f4ng minh MMM"}]},{"@type":"WebSite","@id":"https:\/\/lctech.vn\/#website","url":"https:\/\/lctech.vn\/","name":"LC Tech","description":"Smart reader meter MMM","publisher":{"@id":"https:\/\/lctech.vn\/#organization"},"potentialAction":[{"@type":"SearchAction","target":{"@type":"EntryPoint","urlTemplate":"https:\/\/lctech.vn\/?s={search_term_string}"},"query-input":{"@type":"PropertyValueSpecification","valueRequired":true,"valueName":"search_term_string"}}],"inLanguage":"en-US"},{"@type":"Organization","@id":"https:\/\/lctech.vn\/#organization","name":"LC Tech","url":"https:\/\/lctech.vn\/","logo":{"@type":"ImageObject","inLanguage":"en-US","@id":"https:\/\/lctech.vn\/#\/schema\/logo\/image\/","url":"https:\/\/lctech.vn\/wp-content\/uploads\/2024\/05\/icon.png","contentUrl":"https:\/\/lctech.vn\/wp-content\/uploads\/2024\/05\/icon.png","width":257,"height":257,"caption":"LC Tech"},"image":{"@id":"https:\/\/lctech.vn\/#\/schema\/logo\/image\/"}}]}},"_links":{"self":[{"href":"https:\/\/lctech.vn\/en\/wp-json\/wp\/v2\/product\/16914","targetHints":{"allow":["GET"]}}],"collection":[{"href":"https:\/\/lctech.vn\/en\/wp-json\/wp\/v2\/product"}],"about":[{"href":"https:\/\/lctech.vn\/en\/wp-json\/wp\/v2\/types\/product"}],"version-history":[{"count":3,"href":"https:\/\/lctech.vn\/en\/wp-json\/wp\/v2\/product\/16914\/revisions"}],"predecessor-version":[{"id":17604,"href":"https:\/\/lctech.vn\/en\/wp-json\/wp\/v2\/product\/16914\/revisions\/17604"}],"wp:featuredmedia":[{"embeddable":true,"href":"https:\/\/lctech.vn\/en\/wp-json\/wp\/v2\/media\/15880"}],"wp:attachment":[{"href":"https:\/\/lctech.vn\/en\/wp-json\/wp\/v2\/media?parent=16914"}],"wp:term":[{"taxonomy":"product_brand","embeddable":true,"href":"https:\/\/lctech.vn\/en\/wp-json\/wp\/v2\/product_brand?post=16914"},{"taxonomy":"product_cat","embeddable":true,"href":"https:\/\/lctech.vn\/en\/wp-json\/wp\/v2\/product_cat?post=16914"},{"taxonomy":"product_tag","embeddable":true,"href":"https:\/\/lctech.vn\/en\/wp-json\/wp\/v2\/product_tag?post=16914"}],"curies":[{"name":"wp","href":"https:\/\/api.w.org\/{rel}","templated":true}]}}