{"id":16689,"date":"2025-03-21T07:46:37","date_gmt":"2025-03-21T00:46:37","guid":{"rendered":"https:\/\/lctech.vn\/?page_id=16689"},"modified":"2025-03-21T07:46:37","modified_gmt":"2025-03-21T00:46:37","slug":"chinh-sach-ban-hang","status":"publish","type":"page","link":"https:\/\/lctech.vn\/ja\/chinh-sach-ban-hang\/","title":{"rendered":"CH\u00cdNH S\u00c1CH B\u00c1N H\u00c0NG"},"content":{"rendered":"<p data-sourcepos=\"5:1-5:178\">Ch\u00e0o m\u1eebng Qu\u00fd kh\u00e1ch \u0111\u1ebfn v\u1edbi LC Vi\u1ec7t Nam! Ch\u00fang t\u00f4i cam k\u1ebft mang \u0111\u1ebfn cho Qu\u00fd kh\u00e1ch h\u00e0ng nh\u1eefng s\u1ea3n ph\u1ea9m v\u00e0 d\u1ecbch v\u1ee5 ch\u1ea5t l\u01b0\u1ee3ng cao nh\u1ea5t v\u1edbi ch\u00ednh s\u00e1ch b\u00e1n h\u00e0ng minh b\u1ea1ch v\u00e0 t\u1eadn t\u00e2m.<\/p>\n<h2 data-sourcepos=\"7:1-7:24\"><strong>I. Th\u00f4ng tin c\u00f4ng ty<\/strong><\/h2>\n<ul data-sourcepos=\"9:1-14:0\">\n<li data-sourcepos=\"9:1-9:40\"><strong>C\u00d4NG TY TNHH C\u00d4NG NGH\u1ec6 LC VI\u1ec6T NAM<\/strong><\/li>\n<li data-sourcepos=\"10:1-10:67\"><strong>\u0110\u1ecba ch\u1ec9:<\/strong> S\u1ed1 10, T\u1ed5 4, Ph\u01b0\u1eddng Ph\u00fa \u0110\u00f4, Qu\u1eadn Nam T\u1eeb Li\u00eam, H\u00e0 N\u1ed9i<\/li>\n<li data-sourcepos=\"11:1-11:31\"><strong>Hotline:<\/strong> +84 88 88 88 395<\/li>\n<li data-sourcepos=\"12:1-12:35\"><strong>Email:<\/strong> [\u0111\u00e3 xo\u00e1 \u0111\u1ecba ch\u1ec9 email]<\/li>\n<li data-sourcepos=\"13:1-14:0\"><strong>Website:<\/strong> <a href=\"https:\/\/lctech.vn\/ja\/\" target=\"_blank\" rel=\"noopener\">https:\/\/lctech.vn<\/a><\/li>\n<\/ul>\n<h2 data-sourcepos=\"15:1-15:26\"><strong>II. Quy tr\u00ecnh mua h\u00e0ng<\/strong><\/h2>\n<ol data-sourcepos=\"17:1-28:0\">\n<li data-sourcepos=\"17:1-19:89\"><strong>T\u00ecm hi\u1ec3u s\u1ea3n ph\u1ea9m:<\/strong>\n<ul data-sourcepos=\"18:5-19:89\">\n<li data-sourcepos=\"18:5-18:122\">Qu\u00fd kh\u00e1ch c\u00f3 th\u1ec3 t\u00ecm hi\u1ec3u th\u00f4ng tin chi ti\u1ebft v\u1ec1 s\u1ea3n ph\u1ea9m tr\u00ean website lctech.vn ho\u1eb7c li\u00ean h\u1ec7 hotline \u0111\u1ec3 \u0111\u01b0\u1ee3c t\u01b0 v\u1ea5n.<\/li>\n<li data-sourcepos=\"19:5-19:89\">Ch\u00fang t\u00f4i lu\u00f4n s\u1eb5n s\u00e0ng gi\u1ea3i \u0111\u00e1p m\u1ecdi th\u1eafc m\u1eafc c\u1ee7a Qu\u00fd kh\u00e1ch v\u1ec1 s\u1ea3n ph\u1ea9m v\u00e0 d\u1ecbch v\u1ee5.<\/li>\n<\/ul>\n<\/li>\n<li data-sourcepos=\"20:1-22:125\"><strong>\u0110\u1eb7t h\u00e0ng:<\/strong>\n<ul data-sourcepos=\"21:5-22:125\">\n<li data-sourcepos=\"21:5-21:80\">Qu\u00fd kh\u00e1ch c\u00f3 th\u1ec3 \u0111\u1eb7t h\u00e0ng tr\u1ef1c tuy\u1ebfn tr\u00ean website, qua email ho\u1eb7c hotline.<\/li>\n<li data-sourcepos=\"22:5-22:125\">Khi \u0111\u1eb7t h\u00e0ng, Qu\u00fd kh\u00e1ch vui l\u00f2ng cung c\u1ea5p \u0111\u1ea7y \u0111\u1ee7 th\u00f4ng tin \u0111\u1ec3 ch\u00fang t\u00f4i c\u00f3 th\u1ec3 x\u1eed l\u00fd \u0111\u01a1n h\u00e0ng nhanh ch\u00f3ng v\u00e0 ch\u00ednh x\u00e1c.<\/li>\n<\/ul>\n<\/li>\n<li data-sourcepos=\"23:1-24:114\"><strong>X\u00e1c nh\u1eadn \u0111\u01a1n h\u00e0ng:<\/strong>\n<ul data-sourcepos=\"24:5-24:114\">\n<li data-sourcepos=\"24:5-24:114\">Sau khi nh\u1eadn \u0111\u01b0\u1ee3c \u0111\u01a1n h\u00e0ng, ch\u00fang t\u00f4i s\u1ebd li\u00ean h\u1ec7 v\u1edbi Qu\u00fd kh\u00e1ch \u0111\u1ec3 x\u00e1c nh\u1eadn th\u00f4ng tin v\u00e0 th\u1eddi gian giao h\u00e0ng.<\/li>\n<\/ul>\n<\/li>\n<li data-sourcepos=\"25:1-28:0\"><strong>Giao h\u00e0ng v\u00e0 thanh to\u00e1n:<\/strong>\n<ul data-sourcepos=\"26:5-28:0\">\n<li data-sourcepos=\"26:5-26:119\">Ch\u00fang t\u00f4i \u00e1p d\u1ee5ng c\u00e1c h\u00ecnh th\u1ee9c giao h\u00e0ng linh ho\u1ea1t, \u0111\u1ea3m b\u1ea3o s\u1ea3n ph\u1ea9m \u0111\u1ebfn tay Qu\u00fd kh\u00e1ch trong th\u1eddi gian s\u1edbm nh\u1ea5t.<\/li>\n<li data-sourcepos=\"27:5-28:0\">Qu\u00fd kh\u00e1ch c\u00f3 th\u1ec3 l\u1ef1a ch\u1ecdn h\u00ecnh th\u1ee9c thanh to\u00e1n ph\u00f9 h\u1ee3p: chuy\u1ec3n kho\u1ea3n ng\u00e2n h\u00e0ng ho\u1eb7c thanh to\u00e1n khi nh\u1eadn h\u00e0ng.<\/li>\n<\/ul>\n<\/li>\n<\/ol>\n<h2 data-sourcepos=\"29:1-29:30\"><strong>III. Ch\u00ednh s\u00e1ch v\u1eadn chuy\u1ec3n<\/strong><\/h2>\n<ul data-sourcepos=\"31:1-35:0\">\n<li data-sourcepos=\"31:1-31:39\">Ch\u00fang t\u00f4i h\u1ed7 tr\u1ee3 giao h\u00e0ng to\u00e0n qu\u1ed1c.<\/li>\n<li data-sourcepos=\"32:1-32:70\">Th\u1eddi gian giao h\u00e0ng ph\u1ee5 thu\u1ed9c v\u00e0o \u0111\u1ecba \u0111i\u1ec3m v\u00e0 ph\u01b0\u01a1ng th\u1ee9c giao h\u00e0ng.<\/li>\n<li data-sourcepos=\"33:1-33:68\">Chi ph\u00ed v\u1eadn chuy\u1ec3n s\u1ebd \u0111\u01b0\u1ee3c th\u00f4ng b\u00e1o c\u1ee5 th\u1ec3 khi x\u00e1c nh\u1eadn \u0111\u01a1n h\u00e0ng.<\/li>\n<li data-sourcepos=\"34:1-35:0\">LC Vi\u1ec7t Nam cam k\u1ebft \u0111\u00f3ng g\u00f3i s\u1ea3n ph\u1ea9m c\u1ea9n th\u1eadn, \u0111\u1ea3m b\u1ea3o an to\u00e0n trong qu\u00e1 tr\u00ecnh v\u1eadn chuy\u1ec3n.<\/li>\n<\/ul>\n<h2 data-sourcepos=\"36:1-36:29\"><strong>IV. Ch\u00ednh s\u00e1ch thanh to\u00e1n<\/strong><\/h2>\n<ul data-sourcepos=\"38:1-40:0\">\n<li data-sourcepos=\"38:1-38:89\"><strong>Chuy\u1ec3n kho\u1ea3n ng\u00e2n h\u00e0ng:<\/strong> Th\u00f4ng tin t\u00e0i kho\u1ea3n s\u1ebd \u0111\u01b0\u1ee3c cung c\u1ea5p khi x\u00e1c nh\u1eadn \u0111\u01a1n h\u00e0ng.<\/li>\n<li data-sourcepos=\"39:1-40:0\"><strong>Thanh to\u00e1n khi nh\u1eadn h\u00e0ng (COD):<\/strong> \u00c1p d\u1ee5ng cho m\u1ed9t s\u1ed1 khu v\u1ef1c v\u00e0 s\u1ea3n ph\u1ea9m nh\u1ea5t \u0111\u1ecbnh.<\/li>\n<\/ul>\n<h2 data-sourcepos=\"41:1-41:37\"><strong>V. Ch\u00ednh s\u00e1ch \u0111\u1ed5i tr\u1ea3 v\u00e0 b\u1ea3o h\u00e0nh<\/strong><\/h2>\n<ul data-sourcepos=\"43:1-46:0\">\n<li data-sourcepos=\"43:1-43:103\">Ch\u00fang t\u00f4i cam k\u1ebft \u0111\u1ed5i tr\u1ea3 s\u1ea3n ph\u1ea9m n\u1ebfu c\u00f3 l\u1ed7i t\u1eeb nh\u00e0 s\u1ea3n xu\u1ea5t trong v\u00f2ng 7 ng\u00e0y k\u1ec3 t\u1eeb ng\u00e0y nh\u1eadn h\u00e0ng.<\/li>\n<li data-sourcepos=\"44:1-44:56\">S\u1ea3n ph\u1ea9m \u0111\u01b0\u1ee3c b\u1ea3o h\u00e0nh theo quy \u0111\u1ecbnh c\u1ee7a nh\u00e0 s\u1ea3n xu\u1ea5t.<\/li>\n<li data-sourcepos=\"45:1-46:0\">Chi ti\u1ebft v\u1ec1 ch\u00ednh s\u00e1ch \u0111\u1ed5i tr\u1ea3 v\u00e0 b\u1ea3o h\u00e0nh \u0111\u01b0\u1ee3c \u0111\u0103ng t\u1ea3i tr\u00ean Website c\u1ee7a c\u00f4ng ty.<\/li>\n<\/ul>\n<h2 data-sourcepos=\"47:1-47:29\"><strong>VI. Cam k\u1ebft c\u1ee7a ch\u00fang t\u00f4i<\/strong><\/h2>\n<ul data-sourcepos=\"49:1-53:0\">\n<li data-sourcepos=\"49:1-49:38\">S\u1ea3n ph\u1ea9m ch\u00ednh h\u00e3ng, ch\u1ea5t l\u01b0\u1ee3ng cao.<\/li>\n<li data-sourcepos=\"50:1-50:42\">Gi\u00e1 c\u1ea3 c\u1ea1nh tranh, nhi\u1ec1u \u01b0u \u0111\u00e3i h\u1ea5p d\u1eabn.<\/li>\n<li data-sourcepos=\"51:1-51:46\">D\u1ecbch v\u1ee5 t\u01b0 v\u1ea5n v\u00e0 h\u1ed7 tr\u1ee3 kh\u00e1ch h\u00e0ng t\u1eadn t\u00e2m.<\/li>\n<li data-sourcepos=\"52:1-53:0\">Giao h\u00e0ng nhanh ch\u00f3ng v\u00e0 \u0111\u00fang h\u1eb9n.<\/li>\n<\/ul>\n<h2 data-sourcepos=\"54:1-54:16\"><strong>VII. Li\u00ean h\u1ec7<\/strong><\/h2>\n<ul data-sourcepos=\"56:1-58:0\">\n<li data-sourcepos=\"56:1-56:98\">N\u1ebfu Qu\u00fd kh\u00e1ch c\u00f3 b\u1ea5t k\u1ef3 th\u1eafc m\u1eafc n\u00e0o, xin vui l\u00f2ng li\u00ean h\u1ec7 v\u1edbi ch\u00fang t\u00f4i qua hotline ho\u1eb7c email.<\/li>\n<li data-sourcepos=\"57:1-58:0\">Ch\u00fang t\u00f4i r\u1ea5t mong nh\u1eadn \u0111\u01b0\u1ee3c s\u1ef1 \u1ee7ng h\u1ed9 v\u00e0 tin t\u01b0\u1edfng c\u1ee7a Qu\u00fd kh\u00e1ch.<\/li>\n<\/ul>\n<p data-sourcepos=\"59:1-59:111\"><strong>L\u01b0u \u00fd:<\/strong> N\u1ed9i dung n\u00e0y c\u00f3 th\u1ec3 \u0111\u01b0\u1ee3c \u0111i\u1ec1u ch\u1ec9nh v\u00e0 b\u1ed5 sung t\u00f9y theo \u0111\u1eb7c th\u00f9 s\u1ea3n ph\u1ea9m v\u00e0 d\u1ecbch v\u1ee5 c\u1ee7a LC Vi\u1ec7t Nam.<\/p>\n<p data-sourcepos=\"61:1-61:20\">Ch\u00fac b\u1ea1n th\u00e0nh c\u00f4ng.<\/p>","protected":false},"excerpt":{"rendered":"<p>Ch\u00e0o m\u1eebng Qu\u00fd kh\u00e1ch \u0111\u1ebfn v\u1edbi LC Vi\u1ec7t Nam! Ch\u00fang t\u00f4i cam k\u1ebft mang \u0111\u1ebfn cho Qu\u00fd kh\u00e1ch h\u00e0ng nh\u1eefng<\/p>","protected":false},"author":1,"featured_media":15920,"parent":0,"menu_order":0,"comment_status":"closed","ping_status":"closed","template":"","meta":{"footnotes":""},"class_list":["post-16689","page","type-page","status-publish","has-post-thumbnail","hentry"],"yoast_head":"<!-- This site is optimized with the Yoast SEO Premium plugin v24.5 (Yoast SEO v25.8) - https:\/\/yoast.com\/wordpress\/plugins\/seo\/ -->\n<title>CH\u00cdNH S\u00c1CH B\u00c1N H\u00c0NG - LC Tech<\/title>\n<meta name=\"robots\" content=\"index, follow, max-snippet:-1, max-image-preview:large, max-video-preview:-1\" \/>\n<link rel=\"canonical\" href=\"https:\/\/lctech.vn\/ja\/chinh-sach-ban-hang\/\" \/>\n<meta property=\"og:locale\" content=\"ja_JP\" \/>\n<meta property=\"og:type\" content=\"article\" \/>\n<meta property=\"og:title\" content=\"CH\u00cdNH S\u00c1CH B\u00c1N H\u00c0NG\" \/>\n<meta property=\"og:description\" content=\"Ch\u00e0o m\u1eebng Qu\u00fd kh\u00e1ch \u0111\u1ebfn v\u1edbi LC Vi\u1ec7t Nam! Ch\u00fang t\u00f4i cam k\u1ebft mang \u0111\u1ebfn cho Qu\u00fd kh\u00e1ch h\u00e0ng nh\u1eefng\" \/>\n<meta property=\"og:url\" content=\"https:\/\/lctech.vn\/ja\/chinh-sach-ban-hang\/\" \/>\n<meta property=\"og:site_name\" content=\"LC Tech\" \/>\n<meta property=\"og:image\" content=\"https:\/\/lctech.vn\/wp-content\/uploads\/2025\/01\/z6259081848743_ce460834d2deae39a8547ae56ddafa45.jpg\" \/>\n\t<meta property=\"og:image:width\" content=\"1280\" \/>\n\t<meta property=\"og:image:height\" content=\"853\" \/>\n\t<meta property=\"og:image:type\" content=\"image\/jpeg\" \/>\n<meta name=\"twitter:card\" content=\"summary_large_image\" \/>\n<meta name=\"twitter:label1\" content=\"\u63a8\u5b9a\u8aad\u307f\u53d6\u308a\u6642\u9593\" \/>\n\t<meta name=\"twitter:data1\" content=\"4\u5206\" \/>\n<!-- \/ Yoast SEO Premium plugin. -->","yoast_head_json":{"title":"CH\u00cdNH S\u00c1CH B\u00c1N H\u00c0NG - LC Tech","robots":{"index":"index","follow":"follow","max-snippet":"max-snippet:-1","max-image-preview":"max-image-preview:large","max-video-preview":"max-video-preview:-1"},"canonical":"https:\/\/lctech.vn\/ja\/chinh-sach-ban-hang\/","og_locale":"ja_JP","og_type":"article","og_title":"CH\u00cdNH S\u00c1CH B\u00c1N H\u00c0NG","og_description":"Ch\u00e0o m\u1eebng Qu\u00fd kh\u00e1ch \u0111\u1ebfn v\u1edbi LC Vi\u1ec7t Nam! Ch\u00fang t\u00f4i cam k\u1ebft mang \u0111\u1ebfn cho Qu\u00fd kh\u00e1ch h\u00e0ng nh\u1eefng","og_url":"https:\/\/lctech.vn\/ja\/chinh-sach-ban-hang\/","og_site_name":"LC Tech","og_image":[{"width":1280,"height":853,"url":"https:\/\/lctech.vn\/wp-content\/uploads\/2025\/01\/z6259081848743_ce460834d2deae39a8547ae56ddafa45.jpg","type":"image\/jpeg"}],"twitter_card":"summary_large_image","twitter_misc":{"\u63a8\u5b9a\u8aad\u307f\u53d6\u308a\u6642\u9593":"4\u5206"},"schema":{"@context":"https:\/\/schema.org","@graph":[{"@type":"WebPage","@id":"https:\/\/lctech.vn\/chinh-sach-ban-hang\/","url":"https:\/\/lctech.vn\/chinh-sach-ban-hang\/","name":"CH\u00cdNH S\u00c1CH B\u00c1N H\u00c0NG - LC Tech","isPartOf":{"@id":"https:\/\/lctech.vn\/#website"},"primaryImageOfPage":{"@id":"https:\/\/lctech.vn\/chinh-sach-ban-hang\/#primaryimage"},"image":{"@id":"https:\/\/lctech.vn\/chinh-sach-ban-hang\/#primaryimage"},"thumbnailUrl":"https:\/\/lctech.vn\/wp-content\/uploads\/2025\/01\/z6259081848743_ce460834d2deae39a8547ae56ddafa45.jpg","datePublished":"2025-03-21T00:46:37+00:00","breadcrumb":{"@id":"https:\/\/lctech.vn\/chinh-sach-ban-hang\/#breadcrumb"},"inLanguage":"ja","potentialAction":[{"@type":"ReadAction","target":["https:\/\/lctech.vn\/chinh-sach-ban-hang\/"]}]},{"@type":"ImageObject","inLanguage":"ja","@id":"https:\/\/lctech.vn\/chinh-sach-ban-hang\/#primaryimage","url":"https:\/\/lctech.vn\/wp-content\/uploads\/2025\/01\/z6259081848743_ce460834d2deae39a8547ae56ddafa45.jpg","contentUrl":"https:\/\/lctech.vn\/wp-content\/uploads\/2025\/01\/z6259081848743_ce460834d2deae39a8547ae56ddafa45.jpg","width":1280,"height":853},{"@type":"BreadcrumbList","@id":"https:\/\/lctech.vn\/chinh-sach-ban-hang\/#breadcrumb","itemListElement":[{"@type":"ListItem","position":1,"name":"Home","item":"https:\/\/lctech.vn\/"},{"@type":"ListItem","position":2,"name":"CH\u00cdNH S\u00c1CH B\u00c1N H\u00c0NG"}]},{"@type":"WebSite","@id":"https:\/\/lctech.vn\/#website","url":"https:\/\/lctech.vn\/","name":"LC Tech","description":"M\u00e1y \u0111\u1ecdc ch\u1ec9 s\u1ed1 th\u00f4ng minh MMM","publisher":{"@id":"https:\/\/lctech.vn\/#organization"},"potentialAction":[{"@type":"SearchAction","target":{"@type":"EntryPoint","urlTemplate":"https:\/\/lctech.vn\/?s={search_term_string}"},"query-input":{"@type":"PropertyValueSpecification","valueRequired":true,"valueName":"search_term_string"}}],"inLanguage":"ja"},{"@type":"Organization","@id":"https:\/\/lctech.vn\/#organization","name":"LC Tech","url":"https:\/\/lctech.vn\/","logo":{"@type":"ImageObject","inLanguage":"ja","@id":"https:\/\/lctech.vn\/#\/schema\/logo\/image\/","url":"https:\/\/lctech.vn\/wp-content\/uploads\/2024\/05\/icon.png","contentUrl":"https:\/\/lctech.vn\/wp-content\/uploads\/2024\/05\/icon.png","width":257,"height":257,"caption":"LC Tech"},"image":{"@id":"https:\/\/lctech.vn\/#\/schema\/logo\/image\/"}}]}},"_links":{"self":[{"href":"https:\/\/lctech.vn\/ja\/wp-json\/wp\/v2\/pages\/16689","targetHints":{"allow":["GET"]}}],"collection":[{"href":"https:\/\/lctech.vn\/ja\/wp-json\/wp\/v2\/pages"}],"about":[{"href":"https:\/\/lctech.vn\/ja\/wp-json\/wp\/v2\/types\/page"}],"author":[{"embeddable":true,"href":"https:\/\/lctech.vn\/ja\/wp-json\/wp\/v2\/users\/1"}],"replies":[{"embeddable":true,"href":"https:\/\/lctech.vn\/ja\/wp-json\/wp\/v2\/comments?post=16689"}],"version-history":[{"count":2,"href":"https:\/\/lctech.vn\/ja\/wp-json\/wp\/v2\/pages\/16689\/revisions"}],"predecessor-version":[{"id":16691,"href":"https:\/\/lctech.vn\/ja\/wp-json\/wp\/v2\/pages\/16689\/revisions\/16691"}],"wp:featuredmedia":[{"embeddable":true,"href":"https:\/\/lctech.vn\/ja\/wp-json\/wp\/v2\/media\/15920"}],"wp:attachment":[{"href":"https:\/\/lctech.vn\/ja\/wp-json\/wp\/v2\/media?parent=16689"}],"curies":[{"name":"wp","href":"https:\/\/api.w.org\/{rel}","templated":true}]}}