{"id":3,"date":"2024-05-27T07:47:38","date_gmt":"2024-05-27T07:47:38","guid":{"rendered":"https:\/\/www.lctech.vn\/?page_id=3"},"modified":"2025-03-21T07:53:40","modified_gmt":"2025-03-21T00:53:40","slug":"chinh-sach-bao-mat","status":"publish","type":"page","link":"https:\/\/lctech.vn\/ko\/chinh-sach-bao-mat\/","title":{"rendered":"Ch\u00ednh s\u00e1ch b\u1ea3o m\u1eadt"},"content":{"rendered":"<p data-sourcepos=\"5:1-5:256\">T\u1ea1i LC Vi\u1ec7t Nam, ch\u00fang t\u00f4i hi\u1ec3u r\u1eb1ng vi\u1ec7c b\u1ea3o v\u1ec7 th\u00f4ng tin c\u00e1 nh\u00e2n c\u1ee7a kh\u00e1ch h\u00e0ng l\u00e0 v\u00f4 c\u00f9ng quan tr\u1ecdng. Ch\u00ednh v\u00ec v\u1eady, ch\u00fang t\u00f4i cam k\u1ebft tu\u00e2n th\u1ee7 c\u00e1c quy \u0111\u1ecbnh v\u1ec1 b\u1ea3o m\u1eadt th\u00f4ng tin v\u00e0 \u0111\u1ea3m b\u1ea3o r\u1eb1ng th\u00f4ng tin c\u1ee7a b\u1ea1n \u0111\u01b0\u1ee3c b\u1ea3o v\u1ec7 m\u1ed9t c\u00e1ch an to\u00e0n v\u00e0 minh b\u1ea1ch.<\/p>\r\n<h2 class=\"wp-block-heading\" data-sourcepos=\"7:1-7:42\"><strong>1. M\u1ee5c \u0110\u00edch Thu Th\u1eadp Th\u00f4ng Tin C\u00e1 Nh\u00e2n<\/strong><\/h2>\r\n<p data-sourcepos=\"9:1-9:74\">Ch\u00fang t\u00f4i thu th\u1eadp th\u00f4ng tin c\u00e1 nh\u00e2n c\u1ee7a kh\u00e1ch h\u00e0ng nh\u1eb1m c\u00e1c m\u1ee5c \u0111\u00edch sau:<\/p>\r\n<ul data-sourcepos=\"11:1-16:0\">\r\n<li data-sourcepos=\"11:1-11:37\">X\u1eed l\u00fd \u0111\u01a1n h\u00e0ng v\u00e0 cung c\u1ea5p d\u1ecbch v\u1ee5.<\/li>\r\n<li data-sourcepos=\"12:1-12:33\">Giao ti\u1ebfp v\u00e0 h\u1ed7 tr\u1ee3 kh\u00e1ch h\u00e0ng.<\/li>\r\n<li data-sourcepos=\"13:1-13:103\">G\u1eedi th\u00f4ng tin v\u1ec1 s\u1ea3n ph\u1ea9m, d\u1ecbch v\u1ee5, v\u00e0 c\u00e1c ch\u01b0\u01a1ng tr\u00ecnh khuy\u1ebfn m\u00e3i (khi c\u00f3 s\u1ef1 \u0111\u1ed3ng \u00fd c\u1ee7a kh\u00e1ch h\u00e0ng).<\/li>\r\n<li data-sourcepos=\"14:1-14:43\">C\u1ea3i thi\u1ec7n ch\u1ea5t l\u01b0\u1ee3ng s\u1ea3n ph\u1ea9m v\u00e0 d\u1ecbch v\u1ee5.<\/li>\r\n<li data-sourcepos=\"15:1-16:0\">Tu\u00e2n th\u1ee7 c\u00e1c quy \u0111\u1ecbnh ph\u00e1p lu\u1eadt.<\/li>\r\n<\/ul>\r\n<h2 data-sourcepos=\"17:1-17:30\"><strong>2. Lo\u1ea1i Th\u00f4ng Tin Thu Th\u1eadp<\/strong><\/h2>\r\n<p data-sourcepos=\"19:1-19:49\">Ch\u00fang t\u00f4i c\u00f3 th\u1ec3 thu th\u1eadp c\u00e1c lo\u1ea1i th\u00f4ng tin sau:<\/p>\r\n<ul data-sourcepos=\"21:1-25:0\">\r\n<li data-sourcepos=\"21:1-21:59\">Th\u00f4ng tin c\u00e1 nh\u00e2n: H\u1ecd t\u00ean, \u0111\u1ecba ch\u1ec9, s\u1ed1 \u0111i\u1ec7n tho\u1ea1i, email.<\/li>\r\n<li data-sourcepos=\"22:1-22:64\">Th\u00f4ng tin giao d\u1ecbch: L\u1ecbch s\u1eed mua h\u00e0ng, ph\u01b0\u01a1ng th\u1ee9c thanh to\u00e1n.<\/li>\r\n<li data-sourcepos=\"23:1-23:65\">Th\u00f4ng tin k\u1ef9 thu\u1eadt: \u0110\u1ecba ch\u1ec9 IP, lo\u1ea1i tr\u00ecnh duy\u1ec7t, h\u1ec7 \u0111i\u1ec1u h\u00e0nh.<\/li>\r\n<li data-sourcepos=\"24:1-25:0\">Th\u00f4ng tin kh\u00e1c: C\u00e1c th\u00f4ng tin m\u00e0 b\u1ea1n cung c\u1ea5p t\u1ef1 nguy\u1ec7n.<\/li>\r\n<\/ul>\r\n<h2 data-sourcepos=\"26:1-26:37\"><strong>3. Ph\u01b0\u01a1ng Th\u1ee9c Thu Th\u1eadp Th\u00f4ng Tin<\/strong><\/h2>\r\n<p data-sourcepos=\"28:1-28:82\">Ch\u00fang t\u00f4i thu th\u1eadp th\u00f4ng tin c\u00e1 nh\u00e2n c\u1ee7a kh\u00e1ch h\u00e0ng th\u00f4ng qua c\u00e1c ph\u01b0\u01a1ng th\u1ee9c sau:<\/p>\r\n<ul data-sourcepos=\"30:1-34:0\">\r\n<li data-sourcepos=\"30:1-30:41\">Khi b\u1ea1n \u0111\u0103ng k\u00fd t\u00e0i kho\u1ea3n tr\u00ean website.<\/li>\r\n<li data-sourcepos=\"31:1-31:54\">Khi b\u1ea1n \u0111\u1eb7t h\u00e0ng ho\u1eb7c s\u1eed d\u1ee5ng d\u1ecbch v\u1ee5 c\u1ee7a ch\u00fang t\u00f4i.<\/li>\r\n<li data-sourcepos=\"32:1-32:76\">Khi b\u1ea1n li\u00ean h\u1ec7 v\u1edbi ch\u00fang t\u00f4i qua \u0111i\u1ec7n tho\u1ea1i, email, ho\u1eb7c chat tr\u1ef1c tuy\u1ebfn.<\/li>\r\n<li data-sourcepos=\"33:1-34:0\">Th\u00f4ng qua vi\u1ec7c s\u1eed d\u1ee5ng cookies v\u00e0 c\u00e1c c\u00f4ng ngh\u1ec7 theo d\u00f5i kh\u00e1c tr\u00ean website.<\/li>\r\n<\/ul>\r\n<h2 data-sourcepos=\"35:1-35:32\"><strong>4. B\u1ea3o M\u1eadt Th\u00f4ng Tin C\u00e1 Nh\u00e2n<\/strong><\/h2>\r\n<p data-sourcepos=\"37:1-37:87\">Ch\u00fang t\u00f4i \u00e1p d\u1ee5ng c\u00e1c bi\u1ec7n ph\u00e1p b\u1ea3o m\u1eadt sau \u0111\u1ec3 b\u1ea3o v\u1ec7 th\u00f4ng tin c\u00e1 nh\u00e2n c\u1ee7a kh\u00e1ch h\u00e0ng:<\/p>\r\n<ul data-sourcepos=\"39:1-43:0\">\r\n<li data-sourcepos=\"39:1-39:66\">S\u1eed d\u1ee5ng m\u00e3 h\u00f3a SSL \u0111\u1ec3 b\u1ea3o v\u1ec7 th\u00f4ng tin truy\u1ec1n t\u1ea3i tr\u00ean internet.<\/li>\r\n<li data-sourcepos=\"40:1-40:104\">L\u01b0u tr\u1eef th\u00f4ng tin tr\u00ean c\u00e1c m\u00e1y ch\u1ee7 an to\u00e0n, \u0111\u01b0\u1ee3c b\u1ea3o v\u1ec7 b\u1edfi t\u01b0\u1eddng l\u1eeda v\u00e0 c\u00e1c bi\u1ec7n ph\u00e1p b\u1ea3o m\u1eadt v\u1eadt l\u00fd.<\/li>\r\n<li data-sourcepos=\"41:1-41:101\">Gi\u1edbi h\u1ea1n quy\u1ec1n truy c\u1eadp th\u00f4ng tin c\u00e1 nh\u00e2n ch\u1ec9 cho nh\u1eefng nh\u00e2n vi\u00ean c\u1ea7n thi\u1ebft \u0111\u1ec3 th\u1ef1c hi\u1ec7n c\u00f4ng vi\u1ec7c.<\/li>\r\n<li data-sourcepos=\"42:1-43:0\">Th\u01b0\u1eddng xuy\u00ean ki\u1ec3m tra v\u00e0 c\u1eadp nh\u1eadt h\u1ec7 th\u1ed1ng b\u1ea3o m\u1eadt \u0111\u1ec3 \u0111\u1ea3m b\u1ea3o an to\u00e0n.<\/li>\r\n<\/ul>\r\n<h2 data-sourcepos=\"44:1-44:32\"><strong>5. Chia S\u1ebb Th\u00f4ng Tin C\u00e1 Nh\u00e2n<\/strong><\/h2>\r\n<p data-sourcepos=\"46:1-46:115\">Ch\u00fang t\u00f4i cam k\u1ebft kh\u00f4ng chia s\u1ebb th\u00f4ng tin c\u00e1 nh\u00e2n c\u1ee7a kh\u00e1ch h\u00e0ng cho b\u1ea5t k\u1ef3 b\u00ean th\u1ee9 ba n\u00e0o, tr\u1eeb c\u00e1c tr\u01b0\u1eddng h\u1ee3p sau:<\/p>\r\n<ul data-sourcepos=\"48:1-51:0\">\r\n<li data-sourcepos=\"48:1-48:34\">Khi c\u00f3 s\u1ef1 \u0111\u1ed3ng \u00fd c\u1ee7a kh\u00e1ch h\u00e0ng.<\/li>\r\n<li data-sourcepos=\"49:1-49:86\">Khi c\u1ea7n thi\u1ebft \u0111\u1ec3 cung c\u1ea5p d\u1ecbch v\u1ee5 (v\u00ed d\u1ee5: chia s\u1ebb th\u00f4ng tin v\u1edbi \u0111\u1ed1i t\u00e1c v\u1eadn chuy\u1ec3n).<\/li>\r\n<li data-sourcepos=\"50:1-51:0\">Khi c\u00f3 y\u00eau c\u1ea7u c\u1ee7a c\u01a1 quan ph\u00e1p lu\u1eadt.<\/li>\r\n<\/ul>\r\n<h2 data-sourcepos=\"52:1-52:27\"><strong>6. Quy\u1ec1n C\u1ee7a Kh\u00e1ch H\u00e0ng<\/strong><\/h2>\r\n<p data-sourcepos=\"54:1-54:63\">Kh\u00e1ch h\u00e0ng c\u00f3 c\u00e1c quy\u1ec1n sau \u0111\u1ed1i v\u1edbi th\u00f4ng tin c\u00e1 nh\u00e2n c\u1ee7a m\u00ecnh:<\/p>\r\n<ul data-sourcepos=\"56:1-61:0\">\r\n<li data-sourcepos=\"56:1-56:66\">Quy\u1ec1n truy c\u1eadp: Y\u00eau c\u1ea7u truy c\u1eadp v\u00e0o th\u00f4ng tin c\u00e1 nh\u00e2n c\u1ee7a m\u00ecnh.<\/li>\r\n<li data-sourcepos=\"57:1-57:71\">Quy\u1ec1n ch\u1ec9nh s\u1eeda: Y\u00eau c\u1ea7u ch\u1ec9nh s\u1eeda th\u00f4ng tin c\u00e1 nh\u00e2n kh\u00f4ng ch\u00ednh x\u00e1c.<\/li>\r\n<li data-sourcepos=\"58:1-58:49\">Quy\u1ec1n x\u00f3a b\u1ecf: Y\u00eau c\u1ea7u x\u00f3a b\u1ecf th\u00f4ng tin c\u00e1 nh\u00e2n.<\/li>\r\n<li data-sourcepos=\"59:1-59:63\">Quy\u1ec1n h\u1ea1n ch\u1ebf x\u1eed l\u00fd: Y\u00eau c\u1ea7u h\u1ea1n ch\u1ebf x\u1eed l\u00fd th\u00f4ng tin c\u00e1 nh\u00e2n.<\/li>\r\n<li data-sourcepos=\"60:1-61:0\">Quy\u1ec1n ph\u1ea3n \u0111\u1ed1i: Ph\u1ea3n \u0111\u1ed1i vi\u1ec7c x\u1eed l\u00fd th\u00f4ng tin c\u00e1 nh\u00e2n.<\/li>\r\n<\/ul>\r\n<h2 data-sourcepos=\"62:1-62:41\"><strong>7. Cookies v\u00e0 C\u00f4ng Ngh\u1ec7 Theo D\u00f5i Kh\u00e1c<\/strong><\/h2>\r\n<p data-sourcepos=\"64:1-64:247\">Ch\u00fang t\u00f4i s\u1eed d\u1ee5ng cookies v\u00e0 c\u00e1c c\u00f4ng ngh\u1ec7 theo d\u00f5i kh\u00e1c \u0111\u1ec3 thu th\u1eadp th\u00f4ng tin v\u1ec1 ho\u1ea1t \u0111\u1ed9ng c\u1ee7a ng\u01b0\u1eddi d\u00f9ng tr\u00ean website. B\u1ea1n c\u00f3 th\u1ec3 \u0111i\u1ec1u ch\u1ec9nh c\u00e0i \u0111\u1eb7t tr\u00ecnh duy\u1ec7t \u0111\u1ec3 t\u1eeb ch\u1ed1i cookies, nh\u01b0ng \u0111i\u1ec1u n\u00e0y c\u00f3 th\u1ec3 \u1ea3nh h\u01b0\u1edfng \u0111\u1ebfn tr\u1ea3i nghi\u1ec7m s\u1eed d\u1ee5ng website.<\/p>\r\n<h2 data-sourcepos=\"66:1-66:34\"><strong>8. Thay \u0110\u1ed5i Ch\u00ednh S\u00e1ch B\u1ea3o M\u1eadt<\/strong><\/h2>\r\n<p data-sourcepos=\"68:1-68:152\">Ch\u00fang t\u00f4i c\u00f3 quy\u1ec1n thay \u0111\u1ed5i ch\u00ednh s\u00e1ch b\u1ea3o m\u1eadt n\u00e0y v\u00e0o b\u1ea5t k\u1ef3 l\u00fac n\u00e0o. C\u00e1c thay \u0111\u1ed5i s\u1ebd \u0111\u01b0\u1ee3c c\u1eadp nh\u1eadt tr\u00ean website v\u00e0 c\u00f3 hi\u1ec7u l\u1ef1c ngay khi \u0111\u01b0\u1ee3c \u0111\u0103ng t\u1ea3i.<\/p>\r\n<h2 data-sourcepos=\"70:1-70:28\"><strong>9. Li\u00ean H\u1ec7 V\u1edbi Ch\u00fang T\u00f4i<\/strong><\/h2>\r\n<p data-sourcepos=\"72:1-72:106\">N\u1ebfu b\u1ea1n c\u00f3 b\u1ea5t k\u1ef3 c\u00e2u h\u1ecfi ho\u1eb7c th\u1eafc m\u1eafc n\u00e0o v\u1ec1 ch\u00ednh s\u00e1ch b\u1ea3o m\u1eadt, xin vui l\u00f2ng li\u00ean h\u1ec7 v\u1edbi ch\u00fang t\u00f4i qua:<\/p>\r\n<ul data-sourcepos=\"74:1-78:0\">\r\n<li data-sourcepos=\"74:1-74:63\">\u0110\u1ecba ch\u1ec9: S\u1ed1 10, T\u1ed5 4, Ph\u01b0\u1eddng Ph\u00fa \u0110\u00f4, Qu\u1eadn Nam T\u1eeb Li\u00eam, H\u00e0 N\u1ed9i<\/li>\r\n<li data-sourcepos=\"75:1-75:27\">Hotline: +84 88 88 88 395<\/li>\r\n<li data-sourcepos=\"77:1-78:0\">Website: <a href=\"https:\/\/lctech.vn\/ko\/\" target=\"_blank\" rel=\"noopener\">https:\/\/lctech.vn<\/a><\/li>\r\n<\/ul>","protected":false},"excerpt":{"rendered":"<p>T\u1ea1i LC Vi\u1ec7t Nam, ch\u00fang t\u00f4i hi\u1ec3u r\u1eb1ng vi\u1ec7c b\u1ea3o v\u1ec7 th\u00f4ng tin c\u00e1 nh\u00e2n c\u1ee7a kh\u00e1ch h\u00e0ng l\u00e0 v\u00f4<\/p>","protected":false},"author":1,"featured_media":0,"parent":0,"menu_order":0,"comment_status":"closed","ping_status":"closed","template":"","meta":{"footnotes":""},"class_list":["post-3","page","type-page","status-publish","hentry"],"yoast_head":"<!-- This site is optimized with the Yoast SEO Premium plugin v24.5 (Yoast SEO v25.8) - https:\/\/yoast.com\/wordpress\/plugins\/seo\/ -->\n<title>Ch\u00ednh s\u00e1ch b\u1ea3o m\u1eadt - LC Tech<\/title>\n<meta name=\"robots\" content=\"index, follow, max-snippet:-1, max-image-preview:large, max-video-preview:-1\" \/>\n<link rel=\"canonical\" href=\"https:\/\/lctech.vn\/ko\/chinh-sach-bao-mat\/\" \/>\n<meta property=\"og:locale\" content=\"ko_KR\" \/>\n<meta property=\"og:type\" content=\"article\" \/>\n<meta property=\"og:title\" content=\"Ch\u00ednh s\u00e1ch b\u1ea3o m\u1eadt\" \/>\n<meta property=\"og:description\" content=\"T\u1ea1i LC Vi\u1ec7t Nam, ch\u00fang t\u00f4i hi\u1ec3u r\u1eb1ng vi\u1ec7c b\u1ea3o v\u1ec7 th\u00f4ng tin c\u00e1 nh\u00e2n c\u1ee7a kh\u00e1ch h\u00e0ng l\u00e0 v\u00f4\" \/>\n<meta property=\"og:url\" content=\"https:\/\/lctech.vn\/ko\/chinh-sach-bao-mat\/\" \/>\n<meta property=\"og:site_name\" content=\"LC Tech\" \/>\n<meta property=\"article:modified_time\" content=\"2025-03-21T00:53:40+00:00\" \/>\n<meta name=\"twitter:card\" content=\"summary_large_image\" \/>\n<meta name=\"twitter:label1\" content=\"\uc608\uc0c1 \ub418\ub294 \ud310\ub3c5 \uc2dc\uac04\" \/>\n\t<meta name=\"twitter:data1\" content=\"5\ubd84\" \/>\n<!-- \/ Yoast SEO Premium plugin. -->","yoast_head_json":{"title":"Ch\u00ednh s\u00e1ch b\u1ea3o m\u1eadt - LC Tech","robots":{"index":"index","follow":"follow","max-snippet":"max-snippet:-1","max-image-preview":"max-image-preview:large","max-video-preview":"max-video-preview:-1"},"canonical":"https:\/\/lctech.vn\/ko\/chinh-sach-bao-mat\/","og_locale":"ko_KR","og_type":"article","og_title":"Ch\u00ednh s\u00e1ch b\u1ea3o m\u1eadt","og_description":"T\u1ea1i LC Vi\u1ec7t Nam, ch\u00fang t\u00f4i hi\u1ec3u r\u1eb1ng vi\u1ec7c b\u1ea3o v\u1ec7 th\u00f4ng tin c\u00e1 nh\u00e2n c\u1ee7a kh\u00e1ch h\u00e0ng l\u00e0 v\u00f4","og_url":"https:\/\/lctech.vn\/ko\/chinh-sach-bao-mat\/","og_site_name":"LC Tech","article_modified_time":"2025-03-21T00:53:40+00:00","twitter_card":"summary_large_image","twitter_misc":{"\uc608\uc0c1 \ub418\ub294 \ud310\ub3c5 \uc2dc\uac04":"5\ubd84"},"schema":{"@context":"https:\/\/schema.org","@graph":[{"@type":"WebPage","@id":"https:\/\/lctech.vn\/chinh-sach-bao-mat\/","url":"https:\/\/lctech.vn\/chinh-sach-bao-mat\/","name":"Ch\u00ednh s\u00e1ch b\u1ea3o m\u1eadt - LC Tech","isPartOf":{"@id":"https:\/\/lctech.vn\/#website"},"datePublished":"2024-05-27T07:47:38+00:00","dateModified":"2025-03-21T00:53:40+00:00","breadcrumb":{"@id":"https:\/\/lctech.vn\/chinh-sach-bao-mat\/#breadcrumb"},"inLanguage":"ko-KR","potentialAction":[{"@type":"ReadAction","target":["https:\/\/lctech.vn\/chinh-sach-bao-mat\/"]}]},{"@type":"BreadcrumbList","@id":"https:\/\/lctech.vn\/chinh-sach-bao-mat\/#breadcrumb","itemListElement":[{"@type":"ListItem","position":1,"name":"Home","item":"https:\/\/lctech.vn\/"},{"@type":"ListItem","position":2,"name":"Ch\u00ednh s\u00e1ch b\u1ea3o m\u1eadt"}]},{"@type":"WebSite","@id":"https:\/\/lctech.vn\/#website","url":"https:\/\/lctech.vn\/","name":"LC Tech","description":"M\u00e1y \u0111\u1ecdc ch\u1ec9 s\u1ed1 th\u00f4ng minh MMM","publisher":{"@id":"https:\/\/lctech.vn\/#organization"},"potentialAction":[{"@type":"SearchAction","target":{"@type":"EntryPoint","urlTemplate":"https:\/\/lctech.vn\/?s={search_term_string}"},"query-input":{"@type":"PropertyValueSpecification","valueRequired":true,"valueName":"search_term_string"}}],"inLanguage":"ko-KR"},{"@type":"Organization","@id":"https:\/\/lctech.vn\/#organization","name":"LC Tech","url":"https:\/\/lctech.vn\/","logo":{"@type":"ImageObject","inLanguage":"ko-KR","@id":"https:\/\/lctech.vn\/#\/schema\/logo\/image\/","url":"https:\/\/lctech.vn\/wp-content\/uploads\/2024\/05\/icon.png","contentUrl":"https:\/\/lctech.vn\/wp-content\/uploads\/2024\/05\/icon.png","width":257,"height":257,"caption":"LC Tech"},"image":{"@id":"https:\/\/lctech.vn\/#\/schema\/logo\/image\/"}}]}},"_links":{"self":[{"href":"https:\/\/lctech.vn\/ko\/wp-json\/wp\/v2\/pages\/3","targetHints":{"allow":["GET"]}}],"collection":[{"href":"https:\/\/lctech.vn\/ko\/wp-json\/wp\/v2\/pages"}],"about":[{"href":"https:\/\/lctech.vn\/ko\/wp-json\/wp\/v2\/types\/page"}],"author":[{"embeddable":true,"href":"https:\/\/lctech.vn\/ko\/wp-json\/wp\/v2\/users\/1"}],"replies":[{"embeddable":true,"href":"https:\/\/lctech.vn\/ko\/wp-json\/wp\/v2\/comments?post=3"}],"version-history":[{"count":3,"href":"https:\/\/lctech.vn\/ko\/wp-json\/wp\/v2\/pages\/3\/revisions"}],"predecessor-version":[{"id":16699,"href":"https:\/\/lctech.vn\/ko\/wp-json\/wp\/v2\/pages\/3\/revisions\/16699"}],"wp:attachment":[{"href":"https:\/\/lctech.vn\/ko\/wp-json\/wp\/v2\/media?parent=3"}],"curies":[{"name":"wp","href":"https:\/\/api.w.org\/{rel}","templated":true}]}}