{"id":4400,"date":"2021-10-12T15:51:09","date_gmt":"2021-10-12T15:51:09","guid":{"rendered":"http:\/\/dummy.xtemos.com\/woodmart2\/elementor\/?page_id=4400"},"modified":"2025-02-07T16:08:22","modified_gmt":"2025-02-07T09:08:22","slug":"gioi-thieu-lc-tech","status":"publish","type":"page","link":"https:\/\/lctech.vn\/zh\/gioi-thieu-lc-tech\/","title":{"rendered":"Gi\u1edbi thi\u1ec7u"},"content":{"rendered":"<div data-elementor-type=\"wp-page\" data-elementor-id=\"4400\" class=\"elementor elementor-4400\">\n\t\t\t\t<div class=\"elementor-element elementor-element-1e48640 e-flex e-con-boxed e-con e-parent\" data-id=\"1e48640\" data-element_type=\"container\" data-e-type=\"container\">\n\t\t\t\t\t<div class=\"e-con-inner\">\n\t\t\t\t<div class=\"elementor-element elementor-element-82de9e0 elementor-widget elementor-widget-html\" data-id=\"82de9e0\" data-element_type=\"widget\" data-e-type=\"widget\" data-widget_type=\"html.default\">\n\t\t\t\t<div class=\"elementor-widget-container\">\n\t\t\t\t\t<div style=\"position: relative; width: 100%; height: 0; padding-top: 56.2500%; padding-bottom: 0; box-shadow: 0 2px 8px 0 rgba(63,69,81,0.16); margin-top: 1.6em; margin-bottom: 0.9em; overflow: hidden; border-radius: 8px; will-change: transform;\">\n  <iframe style=\"position: absolute; width: 100%; height: 100%; top: 0; left: 0; border: none; padding: 0;margin: 0;\"\n    data-src=\"https:\/\/www.canva.com\/design\/DAFq8MBxge0\/kb-EfMZirnpq_F9xxklgRQ\/view?embed\" allowfullscreen=\"allowfullscreen\" allow=\"fullscreen\" src=\"data:image\/gif;base64,R0lGODlhAQABAAAAACH5BAEKAAEALAAAAAABAAEAAAICTAEAOw==\" class=\"lazyload\" data-load-mode=\"1\">\n  <\/iframe>\n<\/div>\n<a href=\"https:\/\/\/zh\/&\/#x2F;&#x2F;www.canva.com&#x2F;design&#x2F;DAFq8MBxge0&#x2F;kb-EfMZirnpq_F9xxklgRQ&#x2F;view?utm_content=DAFq8MBxge0&amp;utm_campaign=designshare&amp;utm_medium=embeds&amp;utm_source=link\" target=\"_blank\" rel=\"noopener\">LC PROFILE 08082023<\/a> by LC TECH \t\t\t\t<\/div>\n\t\t\t\t<\/div>\n\t\t\t\t\t<\/div>\n\t\t\t\t<\/div>\n\t\t<div class=\"elementor-element elementor-element-a345475 e-flex e-con-boxed e-con e-parent\" data-id=\"a345475\" data-element_type=\"container\" data-e-type=\"container\">\n\t\t\t\t\t<div class=\"e-con-inner\">\n\t\t\t\t<div class=\"elementor-element elementor-element-d84c6ce elementor-widget elementor-widget-wd_timeline\" data-id=\"d84c6ce\" data-element_type=\"widget\" data-e-type=\"widget\" data-widget_type=\"wd_timeline.default\">\n\t\t\t\t<div class=\"elementor-widget-container\">\n\t\t\t\t\t\t\t<div class=\"wd-timeline-wrapper wd-item-default wd-line-default\">\n\t\t\t<div class=\"woodmart-timeline-line\">\n\t\t\t\t<span class=\"line-dot dot-start\"><\/span>\n\t\t\t\t<span class=\"line-dot dot-end\"><\/span>\n\t\t\t<\/div>\n\n\t\t\t<div class=\"wd-timeline\">\n\t\t\t\t\t\t\t\t\t\t\t\t\t\t\t\t\t\t\t\t<div class=\"wd-timeline-breakpoint elementor-repeater-item-67e5305\">\n\t\t\t\t\t\t\t<span class=\"woodmart-timeline-breakpoint-title\">\n\t\t\t\t\t\t\t\tM\u00e1y \u0111\u1ecdc ch\u1ec9 s\u1ed1 th\u00f4ng minh MMM \u0111\u1ea1t gi\u1ea3i Make In Viet Nam 2024 h\u1ea1ng m\u1ee5c S\u1ea3n ph\u1ea9m c\u00f4ng ngh\u1ec7 s\u1ed1 xu\u1ea5t s\u1eafc trong l\u0129nh v\u1ef1c c\u00f4ng nghi\u1ec7p v\u00e0 x\u00e2y d\u1ef1ng\t\t\t\t\t\t\t<\/span>\n\t\t\t\t\t\t<\/div>\n\t\t\t\t\t\t\t\t\t\t\t\t\t\t\t\t\t\t\t\t\t\t\t\t\t<div class=\"wd-timeline-item wd-item-position-left elementor-repeater-item-965f17d\">\n\t\t\t\t\t\t\t<div class=\"woodmart-timeline-dot\"><\/div>\n\n\t\t\t\t\t\t\t<div class=\"timeline-col timeline-col-primary\">\n\t\t\t\t\t\t\t\t<span class=\"timeline-arrow\"><\/span>\n\t\t\t\t\t\t\t\t\t\t\t\t\t\t\t\t\t<div class=\"wd-timeline-image\">\n\t\t\t\t\t\t\t\t\t\t<img fetchpriority=\"high\" decoding=\"async\" width=\"1300\" height=\"800\" src=\"https:\/\/lctech.vn\/wp-content\/uploads\/2025\/02\/1-3.jpg\" class=\"attachment-large size-large\" alt=\"\" srcset=\"https:\/\/lctech.vn\/wp-content\/uploads\/2025\/02\/1-3.jpg 1300w, https:\/\/lctech.vn\/wp-content\/uploads\/2025\/02\/1-3-400x246.jpg 400w, https:\/\/lctech.vn\/wp-content\/uploads\/2025\/02\/1-3-768x473.jpg 768w, https:\/\/lctech.vn\/wp-content\/uploads\/2025\/02\/1-3-430x265.jpg 430w, https:\/\/lctech.vn\/wp-content\/uploads\/2025\/02\/1-3-700x431.jpg 700w, https:\/\/lctech.vn\/wp-content\/uploads\/2025\/02\/1-3-150x92.jpg 150w\" sizes=\"(max-width: 1300px) 100vw, 1300px\" \/>\t\t\t\t\t\t\t\t\t<\/div>\n\t\t\t\t\t\t\t\t\n\t\t\t\t\t\t\t\t\t\t\t\t\t\t\t\t\t<h4 class=\"wd-timeline-title\">\n\t\t\t\t\t\t\t\t\t\tTBT T\u00f4 L\u00e2m ph\u00e1t bi\u1ec3u t\u1ea1i Trao Gi\u1ea3i th\u01b0\u1edfng c\u00f4ng ngh\u1ec7 s\u1ed1 Make in VietNam 2024 cho c\u00e1c gi\u1ea3i ph\u00e1p xu\u1ea5t s\u1eafc \t\t\t\t\t\t\t\t\t<\/h4>\n\t\t\t\t\t\t\t\t\n\t\t\t\t\t\t\t\t<div class=\"wd-timeline-content set-cont-mb-s reset-last-child\">\n\t\t\t\t\t\t\t\t\t\t\t\t\t\t\t\t\t<\/div>\n\t\t\t\t\t\t\t<\/div>\n\n\t\t\t\t\t\t\t<div class=\"timeline-col timeline-col-secondary\">\n\t\t\t\t\t\t\t\t<span class=\"timeline-arrow\"><\/span>\n\t\t\t\t\t\t\t\t\t\t\t\t\t\t\t\t\t<div class=\"wd-timeline-image\">\n\t\t\t\t\t\t\t\t\t\t<img decoding=\"async\" width=\"1300\" height=\"800\" data-src=\"https:\/\/lctech.vn\/wp-content\/uploads\/2025\/02\/2-2.jpg\" class=\"attachment-large size-large lazyload\" alt=\"\" data-srcset=\"https:\/\/lctech.vn\/wp-content\/uploads\/2025\/02\/2-2.jpg 1300w, https:\/\/lctech.vn\/wp-content\/uploads\/2025\/02\/2-2-400x246.jpg 400w, https:\/\/lctech.vn\/wp-content\/uploads\/2025\/02\/2-2-768x473.jpg 768w, https:\/\/lctech.vn\/wp-content\/uploads\/2025\/02\/2-2-430x265.jpg 430w, https:\/\/lctech.vn\/wp-content\/uploads\/2025\/02\/2-2-700x431.jpg 700w, https:\/\/lctech.vn\/wp-content\/uploads\/2025\/02\/2-2-150x92.jpg 150w\" data-sizes=\"(max-width: 1300px) 100vw, 1300px\" src=\"data:image\/gif;base64,R0lGODlhAQABAAAAACH5BAEKAAEALAAAAAABAAEAAAICTAEAOw==\" style=\"--smush-placeholder-width: 1300px; --smush-placeholder-aspect-ratio: 1300\/800;\" \/>\t\t\t\t\t\t\t\t\t<\/div>\n\t\t\t\t\t\t\t\t\n\t\t\t\t\t\t\t\t\t\t\t\t\t\t\t\t\t<h4 class=\"wd-timeline-title\">\n\t\t\t\t\t\t\t\t\t\tT\u00f4n vinh c\u00e1c s\u1ea3n ph\u1ea9m c\u00f4ng ngh\u1ec7 s\u1ed1 xu\u1ea5t s\u1eafc, mang t\u1ef1 h\u00e0o tr\u00ed tu\u1ec7 Vi\u1ec7t Nam\t\t\t\t\t\t\t\t\t<\/h4>\n\t\t\t\t\t\t\t\t\n\t\t\t\t\t\t\t\t<div class=\"wd-timeline-content set-cont-mb-s reset-last-child\">\n\t\t\t\t\t\t\t\t\t\t\t\t\t\t\t\t\t<\/div>\n\t\t\t\t\t\t\t<\/div>\n\t\t\t\t\t\t<\/div>\n\t\t\t\t\t\t\t\t\t\t\t\t\t\t\t\t\t\t\t\t\t\t\t\t\t<div class=\"wd-timeline-item wd-item-position-left elementor-repeater-item-2b57c7b\">\n\t\t\t\t\t\t\t<div class=\"woodmart-timeline-dot\"><\/div>\n\n\t\t\t\t\t\t\t<div class=\"timeline-col timeline-col-primary\">\n\t\t\t\t\t\t\t\t<span class=\"timeline-arrow\"><\/span>\n\t\t\t\t\t\t\t\t\t\t\t\t\t\t\t\t\t<div class=\"wd-timeline-image\">\n\t\t\t\t\t\t\t\t\t\t<img decoding=\"async\" width=\"1300\" height=\"800\" data-src=\"https:\/\/lctech.vn\/wp-content\/uploads\/2025\/02\/3-1.jpg\" class=\"attachment-large size-large lazyload\" alt=\"\" data-srcset=\"https:\/\/lctech.vn\/wp-content\/uploads\/2025\/02\/3-1.jpg 1300w, https:\/\/lctech.vn\/wp-content\/uploads\/2025\/02\/3-1-400x246.jpg 400w, https:\/\/lctech.vn\/wp-content\/uploads\/2025\/02\/3-1-768x473.jpg 768w, https:\/\/lctech.vn\/wp-content\/uploads\/2025\/02\/3-1-430x265.jpg 430w, https:\/\/lctech.vn\/wp-content\/uploads\/2025\/02\/3-1-700x431.jpg 700w, https:\/\/lctech.vn\/wp-content\/uploads\/2025\/02\/3-1-150x92.jpg 150w\" data-sizes=\"(max-width: 1300px) 100vw, 1300px\" src=\"data:image\/gif;base64,R0lGODlhAQABAAAAACH5BAEKAAEALAAAAAABAAEAAAICTAEAOw==\" style=\"--smush-placeholder-width: 1300px; --smush-placeholder-aspect-ratio: 1300\/800;\" \/>\t\t\t\t\t\t\t\t\t<\/div>\n\t\t\t\t\t\t\t\t\n\t\t\t\t\t\t\t\t\t\t\t\t\t\t\t\t\t<h4 class=\"wd-timeline-title\">\n\t\t\t\t\t\t\t\t\t\t\u0110\u1ea1i di\u1ec7n LC Vi\u1ec7t Nam t\u1ea1i L\u1ec5 trao gi\u1ea3i\t\t\t\t\t\t\t\t\t<\/h4>\n\t\t\t\t\t\t\t\t\n\t\t\t\t\t\t\t\t<div class=\"wd-timeline-content set-cont-mb-s reset-last-child\">\n\t\t\t\t\t\t\t\t\t\t\t\t\t\t\t\t\t<\/div>\n\t\t\t\t\t\t\t<\/div>\n\n\t\t\t\t\t\t\t<div class=\"timeline-col timeline-col-secondary\">\n\t\t\t\t\t\t\t\t<span class=\"timeline-arrow\"><\/span>\n\t\t\t\t\t\t\t\t\t\t\t\t\t\t\t\t\t<div class=\"wd-timeline-image\">\n\t\t\t\t\t\t\t\t\t\t<img decoding=\"async\" width=\"1300\" height=\"800\" data-src=\"https:\/\/lctech.vn\/wp-content\/uploads\/2025\/02\/4-1.jpg\" class=\"attachment-large size-large lazyload\" alt=\"\" data-srcset=\"https:\/\/lctech.vn\/wp-content\/uploads\/2025\/02\/4-1.jpg 1300w, https:\/\/lctech.vn\/wp-content\/uploads\/2025\/02\/4-1-400x246.jpg 400w, https:\/\/lctech.vn\/wp-content\/uploads\/2025\/02\/4-1-768x473.jpg 768w, https:\/\/lctech.vn\/wp-content\/uploads\/2025\/02\/4-1-430x265.jpg 430w, https:\/\/lctech.vn\/wp-content\/uploads\/2025\/02\/4-1-700x431.jpg 700w, https:\/\/lctech.vn\/wp-content\/uploads\/2025\/02\/4-1-150x92.jpg 150w\" data-sizes=\"(max-width: 1300px) 100vw, 1300px\" src=\"data:image\/gif;base64,R0lGODlhAQABAAAAACH5BAEKAAEALAAAAAABAAEAAAICTAEAOw==\" style=\"--smush-placeholder-width: 1300px; --smush-placeholder-aspect-ratio: 1300\/800;\" \/>\t\t\t\t\t\t\t\t\t<\/div>\n\t\t\t\t\t\t\t\t\n\t\t\t\t\t\t\t\t\t\t\t\t\t\t\t\t\t<h4 class=\"wd-timeline-title\">\n\t\t\t\t\t\t\t\t\t\tCEO Nguy\u1ec5n Th\u00e0nh C\u00f4ng \t\t\t\t\t\t\t\t\t<\/h4>\n\t\t\t\t\t\t\t\t\n\t\t\t\t\t\t\t\t<div class=\"wd-timeline-content set-cont-mb-s reset-last-child\">\n\t\t\t\t\t\t\t\t\t\t\t\t\t\t\t\t\t<\/div>\n\t\t\t\t\t\t\t<\/div>\n\t\t\t\t\t\t<\/div>\n\t\t\t\t\t\t\t\t\t\t\t\t\t\t\t\t\t\t\t\t\t\t\t\t\t<div class=\"wd-timeline-breakpoint elementor-repeater-item-056a309\">\n\t\t\t\t\t\t\t<span class=\"woodmart-timeline-breakpoint-title\">\n\t\t\t\t\t\t\t\tS\u00e1ng ki\u1ebfn M\u00ea k\u00f4ng 2024\t\t\t\t\t\t\t<\/span>\n\t\t\t\t\t\t<\/div>\n\t\t\t\t\t\t\t\t\t\t\t\t<\/div>\n\t\t<\/div>\n\t\t\t\t\t\t<\/div>\n\t\t\t\t<\/div>\n\t\t\t\t\t<\/div>\n\t\t\t\t<\/div>\n\t\t<div class=\"elementor-element elementor-element-3d2813b e-flex e-con-boxed e-con e-parent\" data-id=\"3d2813b\" data-element_type=\"container\" data-e-type=\"container\">\n\t\t\t\t\t<div class=\"e-con-inner\">\n\t\t\t\t<div class=\"elementor-element elementor-element-6114f51 elementor-arrows-position-inside elementor-pagination-position-outside elementor-widget elementor-widget-image-carousel\" data-id=\"6114f51\" data-element_type=\"widget\" data-e-type=\"widget\" data-settings=\"{&quot;navigation&quot;:&quot;both&quot;,&quot;autoplay&quot;:&quot;yes&quot;,&quot;pause_on_hover&quot;:&quot;yes&quot;,&quot;pause_on_interaction&quot;:&quot;yes&quot;,&quot;autoplay_speed&quot;:5000,&quot;infinite&quot;:&quot;yes&quot;,&quot;speed&quot;:500}\" data-widget_type=\"image-carousel.default\">\n\t\t\t\t<div class=\"elementor-widget-container\">\n\t\t\t\t\t\t\t<div class=\"elementor-image-carousel-wrapper swiper\" role=\"region\" aria-roledescription=\"carousel\" aria-label=\"B\u0103ng chuy\u1ec1n h\u00ecnh \u1ea3nh\" dir=\"ltr\">\n\t\t\t<div class=\"elementor-image-carousel swiper-wrapper\" aria-live=\"off\">\n\t\t\t\t\t\t\t\t<div class=\"swiper-slide\" role=\"group\" aria-roledescription=\"slide\" aria-label=\"1 tr\u00ean 3\"><figure class=\"swiper-slide-inner\"><img decoding=\"async\" class=\"swiper-slide-image lazyload\" data-src=\"https:\/\/lctech.vn\/wp-content\/uploads\/2025\/02\/5-1.jpg\" alt=\"5\" src=\"data:image\/gif;base64,R0lGODlhAQABAAAAACH5BAEKAAEALAAAAAABAAEAAAICTAEAOw==\" style=\"--smush-placeholder-width: 1300px; --smush-placeholder-aspect-ratio: 1300\/800;\" \/><\/figure><\/div><div class=\"swiper-slide\" role=\"group\" aria-roledescription=\"slide\" aria-label=\"2 tr\u00ean 3\"><figure class=\"swiper-slide-inner\"><img decoding=\"async\" class=\"swiper-slide-image lazyload\" data-src=\"https:\/\/lctech.vn\/wp-content\/uploads\/2025\/02\/10-1.jpg\" alt=\"M\u00e1y \u0111\u1ecdc ch\u1ec9 s\u1ed1 \u0111i\u1ec7n th\u00f4ng minh\" src=\"data:image\/gif;base64,R0lGODlhAQABAAAAACH5BAEKAAEALAAAAAABAAEAAAICTAEAOw==\" style=\"--smush-placeholder-width: 1300px; --smush-placeholder-aspect-ratio: 1300\/800;\" \/><\/figure><\/div><div class=\"swiper-slide\" role=\"group\" aria-roledescription=\"slide\" aria-label=\"3 tr\u00ean 3\"><figure class=\"swiper-slide-inner\"><img decoding=\"async\" class=\"swiper-slide-image lazyload\" data-src=\"https:\/\/lctech.vn\/wp-content\/uploads\/2025\/02\/11.jpg\" alt=\"11\" src=\"data:image\/gif;base64,R0lGODlhAQABAAAAACH5BAEKAAEALAAAAAABAAEAAAICTAEAOw==\" style=\"--smush-placeholder-width: 1300px; --smush-placeholder-aspect-ratio: 1300\/800;\" \/><\/figure><\/div>\t\t\t<\/div>\n\t\t\t\t\t\t\t\t\t\t\t\t<div class=\"elementor-swiper-button elementor-swiper-button-prev\" role=\"button\" tabindex=\"0\">\n\t\t\t\t\t\t<svg aria-hidden=\"true\" class=\"e-font-icon-svg e-eicon-chevron-left\" viewbox=\"0 0 1000 1000\" xmlns=\"http:\/\/www.w3.org\/2000\/svg\"><path d=\"M646 125C629 125 613 133 604 142L308 442C296 454 292 471 292 487 292 504 296 521 308 533L604 854C617 867 629 875 646 875 663 875 679 871 692 858 704 846 713 829 713 812 713 796 708 779 692 767L438 487 692 225C700 217 708 204 708 187 708 171 704 154 692 142 675 129 663 125 646 125Z\"><\/path><\/svg>\t\t\t\t\t<\/div>\n\t\t\t\t\t<div class=\"elementor-swiper-button elementor-swiper-button-next\" role=\"button\" tabindex=\"0\">\n\t\t\t\t\t\t<svg aria-hidden=\"true\" class=\"e-font-icon-svg e-eicon-chevron-right\" viewbox=\"0 0 1000 1000\" xmlns=\"http:\/\/www.w3.org\/2000\/svg\"><path d=\"M696 533C708 521 713 504 713 487 713 471 708 454 696 446L400 146C388 133 375 125 354 125 338 125 325 129 313 142 300 154 292 171 292 187 292 204 296 221 308 233L563 492 304 771C292 783 288 800 288 817 288 833 296 850 308 863 321 871 338 875 354 875 371 875 388 867 400 854L696 533Z\"><\/path><\/svg>\t\t\t\t\t<\/div>\n\t\t\t\t\n\t\t\t\t\t\t\t\t\t<div class=\"swiper-pagination\"><\/div>\n\t\t\t\t\t\t\t\t\t<\/div>\n\t\t\t\t\t\t<\/div>\n\t\t\t\t<\/div>\n\t\t\t\t\t<\/div>\n\t\t\t\t<\/div>\n\t\t<div class=\"elementor-element elementor-element-171ebfc e-flex e-con-boxed e-con e-parent\" data-id=\"171ebfc\" data-element_type=\"container\" data-e-type=\"container\">\n\t\t\t\t\t<div class=\"e-con-inner\">\n\t\t\t\t<div class=\"elementor-element elementor-element-2aad728 elementor-widget elementor-widget-wd_timeline\" data-id=\"2aad728\" data-element_type=\"widget\" data-e-type=\"widget\" data-widget_type=\"wd_timeline.default\">\n\t\t\t\t<div class=\"elementor-widget-container\">\n\t\t\t\t\t\t\t<div class=\"wd-timeline-wrapper wd-item-default wd-line-default\">\n\t\t\t<div class=\"woodmart-timeline-line\">\n\t\t\t\t<span class=\"line-dot dot-start\"><\/span>\n\t\t\t\t<span class=\"line-dot dot-end\"><\/span>\n\t\t\t<\/div>\n\n\t\t\t<div class=\"wd-timeline\">\n\t\t\t\t\t\t\t\t\t\t\t\t\t\t\t\t\t\t\t\t<div class=\"wd-timeline-breakpoint elementor-repeater-item-2248e65\">\n\t\t\t\t\t\t\t<span class=\"woodmart-timeline-breakpoint-title\">\n\t\t\t\t\t\t\t\tGi\u1ea3i ph\u00e1p cho t\u0103ng tr\u01b0\u1edfng xanh v\u00e0 Ph\u00e1t tri\u1ec3n b\u1ec1n v\u1eefng 2024\t\t\t\t\t\t\t<\/span>\n\t\t\t\t\t\t<\/div>\n\t\t\t\t\t\t\t\t\t\t\t\t\t\t\t\t\t\t\t\t\t\t\t\t\t<div class=\"wd-timeline-item wd-item-position-left elementor-repeater-item-247790e\">\n\t\t\t\t\t\t\t<div class=\"woodmart-timeline-dot\"><\/div>\n\n\t\t\t\t\t\t\t<div class=\"timeline-col timeline-col-primary\">\n\t\t\t\t\t\t\t\t<span class=\"timeline-arrow\"><\/span>\n\t\t\t\t\t\t\t\t\t\t\t\t\t\t\t\t\t<div class=\"wd-timeline-image\">\n\t\t\t\t\t\t\t\t\t\t<img decoding=\"async\" width=\"1300\" height=\"800\" data-src=\"https:\/\/lctech.vn\/wp-content\/uploads\/2025\/02\/6-1.jpg\" class=\"attachment-large size-large lazyload\" alt=\"\" data-srcset=\"https:\/\/lctech.vn\/wp-content\/uploads\/2025\/02\/6-1.jpg 1300w, https:\/\/lctech.vn\/wp-content\/uploads\/2025\/02\/6-1-400x246.jpg 400w, https:\/\/lctech.vn\/wp-content\/uploads\/2025\/02\/6-1-768x473.jpg 768w, https:\/\/lctech.vn\/wp-content\/uploads\/2025\/02\/6-1-430x265.jpg 430w, https:\/\/lctech.vn\/wp-content\/uploads\/2025\/02\/6-1-700x431.jpg 700w, https:\/\/lctech.vn\/wp-content\/uploads\/2025\/02\/6-1-150x92.jpg 150w\" data-sizes=\"(max-width: 1300px) 100vw, 1300px\" src=\"data:image\/gif;base64,R0lGODlhAQABAAAAACH5BAEKAAEALAAAAAABAAEAAAICTAEAOw==\" style=\"--smush-placeholder-width: 1300px; --smush-placeholder-aspect-ratio: 1300\/800;\" \/>\t\t\t\t\t\t\t\t\t<\/div>\n\t\t\t\t\t\t\t\t\n\t\t\t\t\t\t\t\t\n\t\t\t\t\t\t\t\t<div class=\"wd-timeline-content set-cont-mb-s reset-last-child\">\n\t\t\t\t\t\t\t\t\t\t\t\t\t\t\t\t\t<\/div>\n\t\t\t\t\t\t\t<\/div>\n\n\t\t\t\t\t\t\t<div class=\"timeline-col timeline-col-secondary\">\n\t\t\t\t\t\t\t\t<span class=\"timeline-arrow\"><\/span>\n\t\t\t\t\t\t\t\t\t\t\t\t\t\t\t\t\t<div class=\"wd-timeline-image\">\n\t\t\t\t\t\t\t\t\t\t<img decoding=\"async\" width=\"1300\" height=\"800\" data-src=\"https:\/\/lctech.vn\/wp-content\/uploads\/2025\/02\/7-1.jpg\" class=\"attachment-large size-large lazyload\" alt=\"\" data-srcset=\"https:\/\/lctech.vn\/wp-content\/uploads\/2025\/02\/7-1.jpg 1300w, https:\/\/lctech.vn\/wp-content\/uploads\/2025\/02\/7-1-400x246.jpg 400w, https:\/\/lctech.vn\/wp-content\/uploads\/2025\/02\/7-1-768x473.jpg 768w, https:\/\/lctech.vn\/wp-content\/uploads\/2025\/02\/7-1-430x265.jpg 430w, https:\/\/lctech.vn\/wp-content\/uploads\/2025\/02\/7-1-700x431.jpg 700w, https:\/\/lctech.vn\/wp-content\/uploads\/2025\/02\/7-1-150x92.jpg 150w\" data-sizes=\"(max-width: 1300px) 100vw, 1300px\" src=\"data:image\/gif;base64,R0lGODlhAQABAAAAACH5BAEKAAEALAAAAAABAAEAAAICTAEAOw==\" style=\"--smush-placeholder-width: 1300px; --smush-placeholder-aspect-ratio: 1300\/800;\" \/>\t\t\t\t\t\t\t\t\t<\/div>\n\t\t\t\t\t\t\t\t\n\t\t\t\t\t\t\t\t\n\t\t\t\t\t\t\t\t<div class=\"wd-timeline-content set-cont-mb-s reset-last-child\">\n\t\t\t\t\t\t\t\t\t\t\t\t\t\t\t\t\t<\/div>\n\t\t\t\t\t\t\t<\/div>\n\t\t\t\t\t\t<\/div>\n\t\t\t\t\t\t\t\t\t\t\t\t\t\t\t\t\t\t\t\t\t\t\t\t\t<div class=\"wd-timeline-item wd-item-position-left elementor-repeater-item-399d0e7\">\n\t\t\t\t\t\t\t<div class=\"woodmart-timeline-dot\"><\/div>\n\n\t\t\t\t\t\t\t<div class=\"timeline-col timeline-col-primary\">\n\t\t\t\t\t\t\t\t<span class=\"timeline-arrow\"><\/span>\n\t\t\t\t\t\t\t\t\t\t\t\t\t\t\t\t\t<div class=\"wd-timeline-image\">\n\t\t\t\t\t\t\t\t\t\t<img decoding=\"async\" width=\"1300\" height=\"800\" data-src=\"https:\/\/lctech.vn\/wp-content\/uploads\/2025\/02\/8-1.jpg\" class=\"attachment-large size-large lazyload\" alt=\"Ti\u1ebft ki\u1ec7m \u0111i\u1ec7n cho to\u00e0n nh\u00e0 v\u0103n ph\u00f2ng\" data-srcset=\"https:\/\/lctech.vn\/wp-content\/uploads\/2025\/02\/8-1.jpg 1300w, https:\/\/lctech.vn\/wp-content\/uploads\/2025\/02\/8-1-400x246.jpg 400w, https:\/\/lctech.vn\/wp-content\/uploads\/2025\/02\/8-1-768x473.jpg 768w, https:\/\/lctech.vn\/wp-content\/uploads\/2025\/02\/8-1-430x265.jpg 430w, https:\/\/lctech.vn\/wp-content\/uploads\/2025\/02\/8-1-700x431.jpg 700w, https:\/\/lctech.vn\/wp-content\/uploads\/2025\/02\/8-1-150x92.jpg 150w\" data-sizes=\"(max-width: 1300px) 100vw, 1300px\" src=\"data:image\/gif;base64,R0lGODlhAQABAAAAACH5BAEKAAEALAAAAAABAAEAAAICTAEAOw==\" style=\"--smush-placeholder-width: 1300px; --smush-placeholder-aspect-ratio: 1300\/800;\" \/>\t\t\t\t\t\t\t\t\t<\/div>\n\t\t\t\t\t\t\t\t\n\t\t\t\t\t\t\t\t\n\t\t\t\t\t\t\t\t<div class=\"wd-timeline-content set-cont-mb-s reset-last-child\">\n\t\t\t\t\t\t\t\t\t\t\t\t\t\t\t\t\t<\/div>\n\t\t\t\t\t\t\t<\/div>\n\n\t\t\t\t\t\t\t<div class=\"timeline-col timeline-col-secondary\">\n\t\t\t\t\t\t\t\t<span class=\"timeline-arrow\"><\/span>\n\t\t\t\t\t\t\t\t\t\t\t\t\t\t\t\t\t<div class=\"wd-timeline-image\">\n\t\t\t\t\t\t\t\t\t\t<img decoding=\"async\" width=\"1300\" height=\"800\" data-src=\"https:\/\/lctech.vn\/wp-content\/uploads\/2025\/02\/9-1.jpg\" class=\"attachment-large size-large lazyload\" alt=\"M\u00e1y \u0111\u1ecdc ch\u1ec9 s\u1ed1 \u0111i\u1ec7n th\u00f4ng minh\" data-srcset=\"https:\/\/lctech.vn\/wp-content\/uploads\/2025\/02\/9-1.jpg 1300w, https:\/\/lctech.vn\/wp-content\/uploads\/2025\/02\/9-1-400x246.jpg 400w, https:\/\/lctech.vn\/wp-content\/uploads\/2025\/02\/9-1-768x473.jpg 768w, https:\/\/lctech.vn\/wp-content\/uploads\/2025\/02\/9-1-430x265.jpg 430w, https:\/\/lctech.vn\/wp-content\/uploads\/2025\/02\/9-1-700x431.jpg 700w, https:\/\/lctech.vn\/wp-content\/uploads\/2025\/02\/9-1-150x92.jpg 150w\" data-sizes=\"(max-width: 1300px) 100vw, 1300px\" src=\"data:image\/gif;base64,R0lGODlhAQABAAAAACH5BAEKAAEALAAAAAABAAEAAAICTAEAOw==\" style=\"--smush-placeholder-width: 1300px; --smush-placeholder-aspect-ratio: 1300\/800;\" \/>\t\t\t\t\t\t\t\t\t<\/div>\n\t\t\t\t\t\t\t\t\n\t\t\t\t\t\t\t\t\n\t\t\t\t\t\t\t\t<div class=\"wd-timeline-content set-cont-mb-s reset-last-child\">\n\t\t\t\t\t\t\t\t\t\t\t\t\t\t\t\t\t<\/div>\n\t\t\t\t\t\t\t<\/div>\n\t\t\t\t\t\t<\/div>\n\t\t\t\t\t\t\t\t\t\t\t\t<\/div>\n\t\t<\/div>\n\t\t\t\t\t\t<\/div>\n\t\t\t\t<\/div>\n\t\t\t\t\t<\/div>\n\t\t\t\t<\/div>\n\t\t\t\t<\/div>","protected":false},"excerpt":{"rendered":"<p>LC PROFILE 08082023 by LC TECH M\u00e1y \u0111\u1ecdc ch\u1ec9 s\u1ed1 th\u00f4ng minh MMM \u0111\u1ea1t gi\u1ea3i Make In Viet Nam 2024<\/p>","protected":false},"author":1,"featured_media":0,"parent":0,"menu_order":0,"comment_status":"closed","ping_status":"closed","template":"","meta":{"footnotes":""},"class_list":["post-4400","page","type-page","status-publish","hentry"],"yoast_head":"<!-- This site is optimized with the Yoast SEO Premium plugin v24.5 (Yoast SEO v25.8) - https:\/\/yoast.com\/wordpress\/plugins\/seo\/ -->\n<title>Gi\u1edbi thi\u1ec7u - LC Tech<\/title>\n<meta name=\"robots\" content=\"index, follow, max-snippet:-1, max-image-preview:large, max-video-preview:-1\" \/>\n<link rel=\"canonical\" href=\"https:\/\/lctech.vn\/zh\/gioi-thieu-lc-tech\/\" \/>\n<meta property=\"og:locale\" content=\"zh_CN\" \/>\n<meta property=\"og:type\" content=\"article\" \/>\n<meta property=\"og:title\" content=\"Gi\u1edbi thi\u1ec7u\" \/>\n<meta property=\"og:description\" content=\"LC PROFILE 08082023 by LC TECH M\u00e1y \u0111\u1ecdc ch\u1ec9 s\u1ed1 th\u00f4ng minh MMM \u0111\u1ea1t gi\u1ea3i Make In Viet Nam 2024\" \/>\n<meta property=\"og:url\" content=\"https:\/\/lctech.vn\/zh\/gioi-thieu-lc-tech\/\" \/>\n<meta property=\"og:site_name\" content=\"LC Tech\" \/>\n<meta property=\"article:modified_time\" content=\"2025-02-07T09:08:22+00:00\" \/>\n<meta property=\"og:image\" content=\"https:\/\/web.lctech.vn\/wp-content\/uploads\/2025\/02\/1-3.jpg\" \/>\n<meta name=\"twitter:card\" content=\"summary_large_image\" \/>\n<!-- \/ Yoast SEO Premium plugin. -->","yoast_head_json":{"title":"Gi\u1edbi thi\u1ec7u - LC Tech","robots":{"index":"index","follow":"follow","max-snippet":"max-snippet:-1","max-image-preview":"max-image-preview:large","max-video-preview":"max-video-preview:-1"},"canonical":"https:\/\/lctech.vn\/zh\/gioi-thieu-lc-tech\/","og_locale":"zh_CN","og_type":"article","og_title":"Gi\u1edbi thi\u1ec7u","og_description":"LC PROFILE 08082023 by LC TECH M\u00e1y \u0111\u1ecdc ch\u1ec9 s\u1ed1 th\u00f4ng minh MMM \u0111\u1ea1t gi\u1ea3i Make In Viet Nam 2024","og_url":"https:\/\/lctech.vn\/zh\/gioi-thieu-lc-tech\/","og_site_name":"LC Tech","article_modified_time":"2025-02-07T09:08:22+00:00","og_image":[{"url":"https:\/\/web.lctech.vn\/wp-content\/uploads\/2025\/02\/1-3.jpg","type":"","width":"","height":""}],"twitter_card":"summary_large_image","schema":{"@context":"https:\/\/schema.org","@graph":[{"@type":"WebPage","@id":"https:\/\/lctech.vn\/gioi-thieu-lc-tech\/","url":"https:\/\/lctech.vn\/gioi-thieu-lc-tech\/","name":"Gi\u1edbi thi\u1ec7u - LC Tech","isPartOf":{"@id":"https:\/\/lctech.vn\/#website"},"primaryImageOfPage":{"@id":"https:\/\/lctech.vn\/gioi-thieu-lc-tech\/#primaryimage"},"image":{"@id":"https:\/\/lctech.vn\/gioi-thieu-lc-tech\/#primaryimage"},"thumbnailUrl":"https:\/\/web.lctech.vn\/wp-content\/uploads\/2025\/02\/1-3.jpg","datePublished":"2021-10-12T15:51:09+00:00","dateModified":"2025-02-07T09:08:22+00:00","breadcrumb":{"@id":"https:\/\/lctech.vn\/gioi-thieu-lc-tech\/#breadcrumb"},"inLanguage":"zh-Hans","potentialAction":[{"@type":"ReadAction","target":["https:\/\/lctech.vn\/gioi-thieu-lc-tech\/"]}]},{"@type":"ImageObject","inLanguage":"zh-Hans","@id":"https:\/\/lctech.vn\/gioi-thieu-lc-tech\/#primaryimage","url":"https:\/\/web.lctech.vn\/wp-content\/uploads\/2025\/02\/1-3.jpg","contentUrl":"https:\/\/web.lctech.vn\/wp-content\/uploads\/2025\/02\/1-3.jpg"},{"@type":"BreadcrumbList","@id":"https:\/\/lctech.vn\/gioi-thieu-lc-tech\/#breadcrumb","itemListElement":[{"@type":"ListItem","position":1,"name":"Home","item":"https:\/\/lctech.vn\/"},{"@type":"ListItem","position":2,"name":"Gi\u1edbi thi\u1ec7u"}]},{"@type":"WebSite","@id":"https:\/\/lctech.vn\/#website","url":"https:\/\/lctech.vn\/","name":"LC Tech","description":"M\u00e1y \u0111\u1ecdc ch\u1ec9 s\u1ed1 th\u00f4ng minh MMM","publisher":{"@id":"https:\/\/lctech.vn\/#organization"},"potentialAction":[{"@type":"SearchAction","target":{"@type":"EntryPoint","urlTemplate":"https:\/\/lctech.vn\/?s={search_term_string}"},"query-input":{"@type":"PropertyValueSpecification","valueRequired":true,"valueName":"search_term_string"}}],"inLanguage":"zh-Hans"},{"@type":"Organization","@id":"https:\/\/lctech.vn\/#organization","name":"LC Tech","url":"https:\/\/lctech.vn\/","logo":{"@type":"ImageObject","inLanguage":"zh-Hans","@id":"https:\/\/lctech.vn\/#\/schema\/logo\/image\/","url":"https:\/\/lctech.vn\/wp-content\/uploads\/2024\/05\/icon.png","contentUrl":"https:\/\/lctech.vn\/wp-content\/uploads\/2024\/05\/icon.png","width":257,"height":257,"caption":"LC Tech"},"image":{"@id":"https:\/\/lctech.vn\/#\/schema\/logo\/image\/"}}]}},"_links":{"self":[{"href":"https:\/\/lctech.vn\/zh\/wp-json\/wp\/v2\/pages\/4400","targetHints":{"allow":["GET"]}}],"collection":[{"href":"https:\/\/lctech.vn\/zh\/wp-json\/wp\/v2\/pages"}],"about":[{"href":"https:\/\/lctech.vn\/zh\/wp-json\/wp\/v2\/types\/page"}],"author":[{"embeddable":true,"href":"https:\/\/lctech.vn\/zh\/wp-json\/wp\/v2\/users\/1"}],"replies":[{"embeddable":true,"href":"https:\/\/lctech.vn\/zh\/wp-json\/wp\/v2\/comments?post=4400"}],"version-history":[{"count":22,"href":"https:\/\/lctech.vn\/zh\/wp-json\/wp\/v2\/pages\/4400\/revisions"}],"predecessor-version":[{"id":16487,"href":"https:\/\/lctech.vn\/zh\/wp-json\/wp\/v2\/pages\/4400\/revisions\/16487"}],"wp:attachment":[{"href":"https:\/\/lctech.vn\/zh\/wp-json\/wp\/v2\/media?parent=4400"}],"curies":[{"name":"wp","href":"https:\/\/api.w.org\/{rel}","templated":true}]}}