{"id":6407,"date":"2024-07-24T15:01:35","date_gmt":"2024-07-24T08:01:35","guid":{"rendered":"https:\/\/www.lctech.vn\/?page_id=6407"},"modified":"2024-10-14T17:19:18","modified_gmt":"2024-10-14T10:19:18","slug":"mmm-doc-nuoc","status":"publish","type":"page","link":"https:\/\/lctech.vn\/zh\/mmm-doc-nuoc\/","title":{"rendered":"MMM \u0111\u1ecdc n\u01b0\u1edbc"},"content":{"rendered":"[scroll_to title=&#8221;T\u1ea0I SAO DOANH NGHI\u1ec6P C\u1ee6A B\u1ea0N D\u00d9NG M\u00c1Y \u0110\u1eccC CH\u1ec8 S\u1ed0 TH\u00d4NG MINH MMM N\u01af\u1edaC?&#8221;]\n\n[row label=&#8221;T\u1ea0I SAO DOANH NGHI\u1ec6P C\u1ee6A B\u1ea0N D\u00d9NG M\u00c1Y \u0110\u1eccC CH\u1ec8 S\u1ed0 TH\u00d4NG MINH MMM \u0110I\u1ec6N?&#8221; style=&#8221;collapse&#8221; width=&#8221;full-width&#8221;]\n\n[col span__sm=&#8221;12&#8243;]\n\n[title style=&#8221;center&#8221; text=&#8221;T\u1ea0I SAO DOANH NGHI\u1ec6P C\u1ee6A B\u1ea0N D\u00d9NG M\u00c1Y \u0110\u1eccC CH\u1ec8 S\u1ed0 TH\u00d4NG MINH MMM N\u01af\u1edaC?&#8221; class=&#8221;mb-0&#8243;]\n\n[ux_banner height=&#8221;500px&#8221; bg=&#8221;6638&#8243; bg_overlay=&#8221;rgba(0, 0, 0, 0.2)&#8221; bg_pos=&#8221;49% 59%&#8221;]\n\n[text_box width=&#8221;40&#8243; width__sm=&#8221;60&#8243; padding=&#8221;30px 30px 30px 30px&#8221; position_x=&#8221;5&#8243; position_y=&#8221;50&#8243; bg=&#8221;rgba(0, 0, 0, 0.86)&#8221; depth=&#8221;3&#8243;]\n\n[ux_text text_align=&#8221;left&#8221;]\n\n<p>M\u1ed7i n\u0103m, m\u1ed7i th\u00e1ng, m\u1ed7i ng\u00e0y Doanh nghi\u1ec7p c\u1ee7a b\u1ea1n ti\u00eau th\u1ee5 h\u1ebft bao nhi\u00eau ti\u1ec1n n\u01b0\u1edbc ?<\/p>\n<p>B\u1ea1n \u0111\u00e3 theo d\u00f5i, gi\u00e1m s\u00e1t v\u00e0 \u0111i\u1ec1u ch\u1ec9nh \u0111\u1ec3 t\u1ed1i \u01b0u chi ph\u00ed n\u01b0\u1edbc cho doanh nghi\u1ec7p m\u00ecnh ch\u01b0a?<\/p>\n<p>M\u00e1y \u0111\u1ecdc ch\u1ec9 s\u1ed1 th\u00f4ng minh MMM n\u01b0\u1edbc &#8211; ESG?<\/p>\n[\/ux_text]\n\n[\/text_box]\n\n[\/ux_banner]\n\n[\/col]\n\n[\/row]\n[section label=&#8221;Ch\u1ee9c n\u0103ng&#8221; bg_color=&#8221;#5270ff&#8221;]\n\n[gap]\n\n[scroll_to title=&#8221;CH\u1ee8C N\u0102NG MMM N\u01af\u1edaC&#8221;]\n\n[title style=&#8221;center&#8221; text=&#8221;CH\u1ee8C N\u0102NG MMM N\u01af\u1edaC&#8221; color=&#8221;#ffffff&#8221;]\n\n[row label=&#8221;CH\u1ee8C N\u0102NG MMM \u0110I\u1ec6N&#8221; style=&#8221;small&#8221; col_bg=&#8221;rgb(255,255,255)&#8221; col_bg_radius=&#8221;15&#8243; v_align=&#8221;equal&#8221; padding=&#8221;15px 15px 15px 15px&#8221; depth=&#8221;3&#8243;]\n\n[col span=&#8221;4&#8243; span__sm=&#8221;12&#8243;]\n\n[featured_box img=&#8221;6733&#8243; img_width=&#8221;80&#8243; pos=&#8221;center&#8221; title=&#8221;\u0110o l\u01b0\u1eddng &#8211; Th\u1ed1ng k\u00ea &#8211; \u0110\u00e1nh gi\u00e1&#8221; font_size=&#8221;large&#8221;]\n\n<p>Cung c\u1ea5p gi\u1ea3i ph\u00e1p ph\u00e2n t\u00edch ho\u1ea1t \u0111\u1ed9ng &#038; l\u1ecbch s\u1eed v\u1eadn h\u00e0nh c\u1ee7a h\u1ec7 th\u1ed1ng bao g\u1ed3m nhi\u1ec1u line, nhi\u1ec1u thi\u1ebft b\u1ecb m\u00e1y m\u00f3c c\u00f4ng nghi\u1ec7p<\/p>\n\n[\/featured_box]\n\n[\/col]\n[col span=&#8221;4&#8243; span__sm=&#8221;12&#8243;]\n\n[featured_box img=&#8221;6736&#8243; img_width=&#8221;80&#8243; pos=&#8221;center&#8221; title=&#8221;T\u1ed1i \u01b0u h\u00f3a&#8221; font_size=&#8221;large&#8221;]\n\n<p>Cung c\u1ea5p gi\u1ea3i ph\u00e1p t\u1ed1i \u01b0u v\u00e0 t\u1ef1 \u0111\u1ed9ng h\u00f3a<\/p>\n\n[\/featured_box]\n\n[\/col]\n[col span=&#8221;4&#8243; span__sm=&#8221;12&#8243;]\n\n[featured_box img=&#8221;6737&#8243; img_width=&#8221;80&#8243; pos=&#8221;center&#8221; title=&#8221;Qu\u1ea3n l\u00fd t\u1eadp trung&#8221; font_size=&#8221;large&#8221;]\n\n<p>Cung c\u1ea5p gi\u1ea3i ph\u00e1p qu\u1ea3n l\u00fd t\u1eadp trung<\/p>\n\n[\/featured_box]\n\n[\/col]\n\n[\/row]\n[gap height=&#8221;80px&#8221;]\n\n[scroll_to title=&#8221;1. \u0110o l\u01b0\u1eddng &#8211; Th\u1ed1ng k\u00ea &#8211; \u0110\u00e1nh gi\u00e1&#8221;]\n\n[title style=&#8221;center&#8221; text=&#8221;1. \u0110o l\u01b0\u1eddng &#8211; Th\u1ed1ng k\u00ea &#8211; \u0110\u00e1nh gi\u00e1&#8221; color=&#8221;#ffffff&#8221;]\n\n[row label=&#8221;1. \u0110o l\u01b0\u1eddng &#8211; Th\u1ed1ng k\u00ea &#8211; \u0110\u00e1nh gi\u00e1&#8221; style=&#8221;small&#8221; col_bg=&#8221;rgb(255,255,255)&#8221; col_bg_radius=&#8221;15&#8243; v_align=&#8221;equal&#8221; padding=&#8221;15px 15px 15px 15px&#8221; depth=&#8221;3&#8243;]\n\n[col span=&#8221;4&#8243; span__sm=&#8221;12&#8243;]\n\n[featured_box img=&#8221;6747&#8243; img_width=&#8221;80&#8243; pos=&#8221;center&#8221; title=&#8221;1.1. L\u01b0\u1ee3ng n\u01b0\u1edbcti\u00eau th\u1ee5 th\u1eddi gian th\u1ef1c t\u1ea1i c\u00e1c \u0111i\u1ec3m c\u00f3 \u0111\u1ed3ng h\u1ed3&#8221; icon_border=&#8221;3&#8243;]\n\n\n[\/featured_box]\n\n[\/col]\n[col span=&#8221;4&#8243; span__sm=&#8221;12&#8243;]\n\n[featured_box img=&#8221;6748&#8243; img_width=&#8221;80&#8243; pos=&#8221;center&#8221; title=&#8221;1.2. Th\u1eddi gian \u0111i\u1ec1u ch\u1ec9nh&#8221; icon_border=&#8221;3&#8243;]\n\n\n[\/featured_box]\n\n[\/col]\n[col span=&#8221;4&#8243; span__sm=&#8221;12&#8243;]\n\n[featured_box img=&#8221;6749&#8243; img_width=&#8221;80&#8243; pos=&#8221;center&#8221; title=&#8221;1.3. H\u00e0nh vi, th\u00f3i quen s\u1eed d\u1ee5ng&#8221; icon_border=&#8221;3&#8243;]\n\n\n[\/featured_box]\n\n[\/col]\n\n[\/row]\n[gap height=&#8221;80px&#8221;]\n\n[scroll_to title=&#8221;2. T\u1ed1i \u01b0u h\u00f3a&#8221;]\n\n[title style=&#8221;center&#8221; text=&#8221;2. T\u1ed1i \u01b0u h\u00f3a&#8221; color=&#8221;#ffffff&#8221;]\n\n[row label=&#8221;2. T\u1ed1i \u01b0u h\u00f3a&#8221; style=&#8221;small&#8221; col_bg=&#8221;rgb(255,255,255)&#8221; col_bg_radius=&#8221;15&#8243; v_align=&#8221;equal&#8221; padding=&#8221;15px 15px 15px 15px&#8221; depth=&#8221;3&#8243;]\n\n[col span=&#8221;3&#8243; span__sm=&#8221;12&#8243;]\n\n[featured_box img=&#8221;6754&#8243; img_width=&#8221;80&#8243; pos=&#8221;center&#8221; title=&#8221;2.1. C\u1ea3nh b\u00e1o ti\u00eau th\u1ee5 v\u01b0\u1ee3t m\u1ee9c&#8221; icon_border=&#8221;3&#8243;]\n\n\n[\/featured_box]\n\n[\/col]\n[col span=&#8221;3&#8243; span__sm=&#8221;12&#8243;]\n\n[featured_box img=&#8221;6758&#8243; img_width=&#8221;80&#8243; pos=&#8221;center&#8221; title=&#8221;2.2. T\u1ef1 \u0111\u1ed9ng b\u00e1o m\u00e1y h\u1ecfng, b\u1ea3o tr\u00ec&#8221; icon_border=&#8221;3&#8243;]\n\n\n[\/featured_box]\n\n[\/col]\n[col span=&#8221;3&#8243; span__sm=&#8221;12&#8243;]\n\n[featured_box img=&#8221;6757&#8243; img_width=&#8221;80&#8243; pos=&#8221;center&#8221; title=&#8221;2.3. Nh\u1eadn di\u1ec7n ng\u1eef c\u1ea3nh v\u00e0 \u0111\u01b0a ra gi\u1ea3i ph\u00e1p \u0111i\u1ec1u khi\u1ec3n th\u00edch h\u1ee3p&#8221; icon_border=&#8221;3&#8243;]\n\n\n[\/featured_box]\n\n[\/col]\n[col span=&#8221;3&#8243; span__sm=&#8221;12&#8243;]\n\n[featured_box img=&#8221;6756&#8243; img_width=&#8221;80&#8243; pos=&#8221;center&#8221; title=&#8221;2.4. Duy tr\u00ec, thi\u1ebft l\u1eadp ch\u1ebf \u0111\u1ed9 t\u1ed1i \u01b0u&#8221; icon_border=&#8221;3&#8243;]\n\n\n[\/featured_box]\n\n[\/col]\n\n[\/row]\n[gap height=&#8221;80px&#8221;]\n\n[scroll_to title=&#8221;3. Qu\u1ea3n l\u00fd t\u1eadp trung&#8221;]\n\n[title style=&#8221;center&#8221; text=&#8221;3. Qu\u1ea3n l\u00fd t\u1eadp trung&#8221; color=&#8221;#ffffff&#8221;]\n\n[row label=&#8221;3. Qu\u1ea3n l\u00fd t\u1eadp trung&#8221; style=&#8221;small&#8221; col_bg=&#8221;rgb(255,255,255)&#8221; col_bg_radius=&#8221;15&#8243; v_align=&#8221;equal&#8221; padding=&#8221;15px 15px 15px 15px&#8221; depth=&#8221;3&#8243;]\n\n[col span=&#8221;3&#8243; span__sm=&#8221;12&#8243;]\n\n[featured_box img=&#8221;6761&#8243; img_width=&#8221;80&#8243; pos=&#8221;center&#8221; title=&#8221;3.1. S\u1ed1 h\u00f3a ho\u1ea1t \u0111\u1ed9ng v\u1eadn h\u00e0nh, b\u1ea3o tr\u00ec&#8221; icon_border=&#8221;3&#8243;]\n\n\n[\/featured_box]\n\n[\/col]\n[col span=&#8221;3&#8243; span__sm=&#8221;12&#8243;]\n\n[featured_box img=&#8221;6767&#8243; img_width=&#8221;80&#8243; pos=&#8221;center&#8221; title=&#8221;3.2. T\u1ed5ng h\u1ee3p th\u00f4ng tin to\u00e0n di\u1ec7n, h\u1ed7 tr\u1ee3 ra quy\u1ebft \u0111\u1ecbnh qu\u1ea3n tr\u1ecb&#8221; icon_border=&#8221;3&#8243;]\n\n\n[\/featured_box]\n\n[\/col]\n[col span=&#8221;3&#8243; span__sm=&#8221;12&#8243;]\n\n[featured_box img=&#8221;6768&#8243; img_width=&#8221;80&#8243; pos=&#8221;center&#8221; title=&#8221;3.3. Tri\u1ec3n khai v\u00e0 qu\u1ea3n l\u00fd \u0111\u1ed3ng b\u1ed9 to\u00e0n h\u1ec7 th\u1ed1ng (Ph\u00e2n quy\u1ec1n, ph\u00e2n c\u1ea5p)&#8221; icon_border=&#8221;3&#8243;]\n\n\n[\/featured_box]\n\n[\/col]\n[col span=&#8221;3&#8243; span__sm=&#8221;12&#8243;]\n\n[featured_box img=&#8221;6766&#8243; img_width=&#8221;80&#8243; pos=&#8221;center&#8221; title=&#8221;3.4. Qu\u1ea3n tr\u1ecb r\u1ee7i ro v\u00e0 gi\u1ea3m th\u1ea5t tho\u00e1t&#8221; icon_border=&#8221;3&#8243;]\n\n\n[\/featured_box]\n\n[\/col]\n\n[\/row]\n[gap]\n\n\n[\/section]\n[section]\n\n[scroll_to title=&#8221;T\u1ea0I SAO B\u1ea0N CH\u1eccN GI\u1ea2I PH\u00c1P C\u1ee6A CH\u00daNG T\u00d4I?&#8221;]\n\n[title style=&#8221;center&#8221; text=&#8221;T\u1ea0I SAO B\u1ea0N N\u00caN CH\u1eccN GI\u1ea2I PH\u00c1P C\u1ee6A CH\u00daNG T\u00d4I?&#8221;]\n\n[row]\n\n[col span__sm=&#8221;12&#8243;]\n\n[ux_text text_align=&#8221;center&#8221;]\n\n<p>&#8211; M\u00e1y \u0111\u1ecdc ch\u1ec9 s\u1ed1 th\u00f4ng m\u00ecnh MMM g\u1ed3m thi\u1ebft b\u1ecb ph\u1ea7n c\u1ee9ng t\u00edch h\u1ee3p ph\u1ea7n m\u1ec1m nh\u1ecf g\u1ecdn, d\u1ec5 l\u1eafp \u0111\u1eb7t v\u00e0 s\u1eed d\u1ee5ng, \u0111\u1eb7c bi\u1ec7t kh\u00f4ng can thi\u1ec7p v\u00e0o h\u1ec7 th\u1ed1ng hi\u1ec7n t\u1ea1i l\u00e0 gi\u1ea3i ph\u00e1p gi\u00e1m s\u00e1t t\u1ed1i \u01b0u cho Doanh nghi\u1ec7p c\u1ee7a b\u1ea1n.<br \/>\n&#8211; M\u1ed9t thi\u1ebft b\u1ecb s\u1eed d\u1ee5ng cho nhi\u1ec1u lo\u1ea1i \u0111\u1ed3ng h\u1ed3 kh\u00e1c nhau.<\/p>\n[\/ux_text]\n\n[\/col]\n\n[\/row]\n[gap]\n\n[scroll_to title=&#8221;GI\u1ea2I PH\u00c1P V\u01af\u1ee2T TR\u1ed8I CHO C\u00c1C L\u0128NH V\u1ef0C, NG\u00c0NH H\u00c0NG TI\u00caU BI\u1ec2U&#8221;]\n\n[title style=&#8221;center&#8221; text=&#8221;GI\u1ea2I PH\u00c1P V\u01af\u1ee2T TR\u1ed8I CHO C\u00c1C L\u0128NH V\u1ef0C, NG\u00c0NH H\u00c0NG TI\u00caU BI\u1ec2U&#8221;]\n\n[row label=&#8221;GI\u1ea2I PH\u00c1P V\u01af\u1ee2T TR\u1ed8I CHO C\u00c1C L\u0128NH V\u1ef0C, NG\u00c0NH H\u00c0NG TI\u00caU BI\u1ec2U&#8221; style=&#8221;collapse&#8221;]\n\n[col span__sm=&#8221;12&#8243;]\n\n[ux_gallery ids=&#8221;6888,6892,6890,6897,6887,6886&#8243; lightbox_image_size=&#8221;original&#8221; type=&#8221;slider&#8221; col_spacing=&#8221;collapse&#8221; columns=&#8221;3&#8243; slider_nav_style=&#8221;circle&#8221; auto_slide=&#8221;6000&#8243; image_height=&#8221;75%&#8221; image_overlay=&#8221;rgba(0, 0, 0, 0.6)&#8221; image_hover=&#8221;zoom&#8221; text_pos=&#8221;middle&#8221; text_align=&#8221;center&#8221; text_size=&#8221;xlarge&#8221;]\n\n\n[\/col]\n\n[\/row]\n\n[\/section]\n[section label=&#8221;TH\u00d4NG S\u1ed0 K\u1ef8 THU\u1eacT&#8221;]\n\n[scroll_to title=&#8221;TH\u00d4NG S\u1ed0 K\u1ef8 THU\u1eacT&#8221;]\n\n[title style=&#8221;center&#8221; text=&#8221;TH\u00d4NG S\u1ed0 K\u1ef8 THU\u1eacT&#8221;]\n\n[row]\n\n[col span__sm=&#8221;12&#8243;]\n\n<p>Lorem ipsum dolor sit amet, consectetuer adipiscing elit, sed diam nonummy nibh euismod tincidunt ut laoreet dolore magna aliquam erat volutpat.<\/p>\n\n[\/col]\n\n[\/row]\n\n[\/section]\n[section label=&#8221;H\u00ccNH \u1ea2NH TRI\u1ec2N KHAI TH\u1ef0C T\u1ebe MMM N\u01af\u1edaC&#8221;]\n\n[scroll_to title=&#8221;H\u00ccNH \u1ea2NH TRI\u1ec2N KHAI TH\u1ef0C T\u1ebe MMM N\u01af\u1edaC&#8221;]\n\n[title style=&#8221;center&#8221; text=&#8221;H\u00ccNH \u1ea2NH TRI\u1ec2N KHAI TH\u1ef0C T\u1ebe MMM N\u01af\u1edaC&#8221;]\n\n[row style=&#8221;small&#8221;]\n\n[col span__sm=&#8221;12&#8243;]\n\n[ux_gallery ids=&#8221;6874,6875,6877,6880,6882&#8243; style=&#8221;none&#8221; lightbox_image_size=&#8221;original&#8221; type=&#8221;slider&#8221; col_spacing=&#8221;xsmall&#8221; columns=&#8221;2&#8243; depth=&#8221;1&#8243; slider_nav_style=&#8221;simple&#8221; auto_slide=&#8221;5000&#8243; image_height=&#8221;75%&#8221;]\n\n\n[\/col]\n\n[\/row]\n\n[\/section]\n[section label=&#8221;CHIA S\u1eba V\u1edaI CH\u00daNG T\u00d4I \u0110\u1ec2 T\u01af V\u1ea4N T\u1ed0T H\u01a0N CHO DN C\u1ee6A B\u1ea0N&#8221;]\n\n[scroll_to title=&#8221;CHIA S\u1eba V\u1edaI CH\u00daNG T\u00d4I \u0110\u1ec2 T\u01af V\u1ea4N T\u1ed0T H\u01a0N CHO DN C\u1ee6A B\u1ea0N&#8221;]\n\n[title style=&#8221;center&#8221; text=&#8221;CHIA S\u1eba V\u1edaI CH\u00daNG T\u00d4I \u0110\u1ec2 T\u01af V\u1ea4N T\u1ed0T H\u01a0N CHO DN C\u1ee6A B\u1ea0N&#8221;]\n\n[row style=&#8221;small&#8221; h_align=&#8221;center&#8221;]\n\n[col span=&#8221;8&#8243; span__sm=&#8221;12&#8243;]\n\n\n<div class=\"wpcf7 no-js\" id=\"wpcf7-f6724-o1\" lang=\"vi\" dir=\"ltr\" data-wpcf7-id=\"6724\">\n<div class=\"screen-reader-response\"><p role=\"status\" aria-live=\"polite\" aria-atomic=\"true\"><\/p> <ul><\/ul><\/div>\n<form action=\"\/zh\/wp-json\/wp\/v2\/pages\/6407#wpcf7-f6724-o1\" method=\"post\" class=\"wpcf7-form init\" aria-label=\"Form li\u00ean h\u1ec7\" novalidate=\"novalidate\" data-status=\"init\" data-trp-original-action=\"\/zh\/wp-json\/wp\/v2\/pages\/6407#wpcf7-f6724-o1\">\n<fieldset class=\"hidden-fields-container\"><input type=\"hidden\" name=\"_wpcf7\" value=\"6724\" \/><input type=\"hidden\" name=\"_wpcf7_version\" value=\"6.1.1\" \/><input type=\"hidden\" name=\"_wpcf7_locale\" value=\"vi\" \/><input type=\"hidden\" name=\"_wpcf7_unit_tag\" value=\"wpcf7-f6724-o1\" \/><input type=\"hidden\" name=\"_wpcf7_container_post\" value=\"0\" \/><input type=\"hidden\" name=\"_wpcf7_posted_data_hash\" value=\"\" \/><input type=\"hidden\" name=\"_wpcf7_recaptcha_response\" value=\"\" \/>\n<\/fieldset>\n<div class=\"flex-row form-flat medium-flex-wrap\">\n\t<div class=\"flex-col flex-grow\">\n\t\t<p><label> T\u00ean:<br \/>\n<span class=\"wpcf7-form-control-wrap\" data-name=\"ho_ten\"><input size=\"40\" maxlength=\"400\" class=\"wpcf7-form-control wpcf7-text wpcf7-validates-as-required\" autocomplete=\"name\" aria-required=\"true\" aria-invalid=\"false\" value=\"\" type=\"text\" name=\"ho_ten\" \/><\/span><br \/>\n<\/label><br \/>\n<label> Email:<br \/>\n<span class=\"wpcf7-form-control-wrap\" data-name=\"email\"><input size=\"40\" maxlength=\"400\" class=\"wpcf7-form-control wpcf7-email wpcf7-validates-as-required wpcf7-text wpcf7-validates-as-email\" autocomplete=\"email\" aria-required=\"true\" aria-invalid=\"false\" value=\"\" type=\"email\" name=\"email\" \/><\/span><br \/>\n<\/label><br \/>\n<label> S\u1ed1 \u0111i\u1ec7n tho\u1ea1i:<br \/>\n<span class=\"wpcf7-form-control-wrap\" data-name=\"sdt\"><input size=\"40\" maxlength=\"400\" class=\"wpcf7-form-control wpcf7-tel wpcf7-validates-as-required wpcf7-text wpcf7-validates-as-tel\" aria-required=\"true\" aria-invalid=\"false\" value=\"\" type=\"tel\" name=\"sdt\" \/><\/span><br \/>\n<\/label>\n\t\t<\/p>\n\t<\/div>\n\t<div class=\"flex-col flex-grow\">\n\t\t<p><label> \u0110\u01a1n v\u1ecb c\u00f4ng t\u00e1c:<br \/>\n<span class=\"wpcf7-form-control-wrap\" data-name=\"don_vi\"><input size=\"40\" maxlength=\"400\" class=\"wpcf7-form-control wpcf7-text wpcf7-validates-as-required\" aria-required=\"true\" aria-invalid=\"false\" value=\"\" type=\"text\" name=\"don_vi\" \/><\/span><br \/>\n<\/label><br \/>\n<label> Ng\u00e0nh ngh\u1ec1:<br \/>\n<span class=\"wpcf7-form-control-wrap\" data-name=\"nganh_nghe\"><input size=\"40\" maxlength=\"400\" class=\"wpcf7-form-control wpcf7-text wpcf7-validates-as-required\" aria-required=\"true\" aria-invalid=\"false\" value=\"\" type=\"text\" name=\"nganh_nghe\" \/><\/span><br \/>\n<\/label><br \/>\n<label> Qu\u1ed1c gia:<br \/>\n<span class=\"wpcf7-form-control-wrap\" data-name=\"quoc_gia\"><input size=\"40\" maxlength=\"400\" class=\"wpcf7-form-control wpcf7-text wpcf7-validates-as-required\" aria-required=\"true\" aria-invalid=\"false\" value=\"\" type=\"text\" name=\"quoc_gia\" \/><\/span><br \/>\n<\/label>\n\t\t<\/p>\n\t<\/div>\n<\/div>\n<div class=\"flex-row form-flat medium-flex-wrap\">\n\t<div class=\"flex-col flex-grow\">\n\t\t<p><label> V\u1ea5n \u0111\u1ec1 n\u00e0o m\u00e0 doanh nghi\u1ec7p c\u1ee7a b\u1ea1n \u01b0u ti\u00ean:<\/label><br \/>\n<span class=\"wpcf7-form-control-wrap\" data-name=\"cac_van_de\"><span class=\"wpcf7-form-control wpcf7-checkbox\"><span class=\"wpcf7-list-item first\"><label><input type=\"checkbox\" name=\"cac_van_de[]\" value=\"\u0110o l\u01b0\u1eddng - Th\u1ed1ng k\u00ea - \u0110\u00e1nh gi\u00e1\" \/><span class=\"wpcf7-list-item-label\">\u0110o l\u01b0\u1eddng - Th\u1ed1ng k\u00ea - \u0110\u00e1nh gi\u00e1<\/span><\/label><\/span><span class=\"wpcf7-list-item\"><label><input type=\"checkbox\" name=\"cac_van_de[]\" value=\"T\u1ed1i \u01b0u\" \/><span class=\"wpcf7-list-item-label\">T\u1ed1i \u01b0u<\/span><\/label><\/span><span class=\"wpcf7-list-item\"><label><input type=\"checkbox\" name=\"cac_van_de[]\" value=\"Qu\u1ea3n l\u00fd\" \/><span class=\"wpcf7-list-item-label\">Qu\u1ea3n l\u00fd<\/span><\/label><\/span><span class=\"wpcf7-list-item\"><label><input type=\"checkbox\" name=\"cac_van_de[]\" value=\"Ti\u1ebft ki\u1ec7m \u0111i\u1ec7n\" \/><span class=\"wpcf7-list-item-label\">Ti\u1ebft ki\u1ec7m \u0111i\u1ec7n<\/span><\/label><\/span><span class=\"wpcf7-list-item\"><label><input type=\"checkbox\" name=\"cac_van_de[]\" value=\"Tr\u1ea3i nghi\u1ec7m kh\u00e1ch h\u00e0ng\" \/><span class=\"wpcf7-list-item-label\">Tr\u1ea3i nghi\u1ec7m kh\u00e1ch h\u00e0ng<\/span><\/label><\/span><span class=\"wpcf7-list-item\"><label><input type=\"checkbox\" name=\"cac_van_de[]\" value=\"Ph\u00e1t tri\u1ec3n b\u1ec1n v\u1eefng\" \/><span class=\"wpcf7-list-item-label\">Ph\u00e1t tri\u1ec3n b\u1ec1n v\u1eefng<\/span><\/label><\/span><span class=\"wpcf7-list-item last\"><label><input type=\"checkbox\" name=\"cac_van_de[]\" value=\"Kh\u00e1c\" \/><span class=\"wpcf7-list-item-label\">Kh\u00e1c<\/span><\/label><\/span><\/span><\/span>\n\t\t<\/p>\n\t<\/div>\n<\/div>\n<div class=\"flex-row form-flat medium-flex-wrap\">\n\t<div class=\"flex-col flex-grow\">\n\t\t<p><label> D\u1ecbch v\u1ee5 - Gi\u1ea3i ph\u00e1p n\u00e0o b\u1ea1n mong mu\u1ed1n ch\u00fang t\u00f4i gi\u00fap b\u1ea1n c\u1ea3i thi\u1ec7n?<br \/>\n<span class=\"wpcf7-form-control-wrap\" data-name=\"can_cai_thien\"><textarea cols=\"40\" rows=\"10\" maxlength=\"2000\" class=\"wpcf7-form-control wpcf7-textarea\" aria-invalid=\"false\" name=\"can_cai_thien\"><\/textarea><\/span><br \/>\n<\/label><br \/>\n<label>*B\u1eb1ng c\u00e1ch nh\u1ea5p v\u00e0o \u0110\u0103ng k\u00fd, t\u00f4i \u0111\u1ed3ng \u00fd \u0111\u1ec3 trang web n\u00e0y l\u01b0u tr\u1eef th\u00f4ng tin \u0111\u00e3 g\u1eedi c\u1ee7a t\u00f4i \u0111\u1ec3 h\u1ecd c\u00f3 th\u1ec3 tr\u1ea3 l\u1eddi y\u00eau c\u1ea7u c\u1ee7a m\u00ecnh.<\/label>\n\t\t<\/p>\n\t<\/div>\n<\/div>\n<div class=\"flex-row form-flat medium-flex-wrap\">\n\t<p><input class=\"wpcf7-form-control wpcf7-submit has-spinner\" type=\"submit\" value=\"G\u1eedi\" \/>\n\t<\/p>\n<\/div><input type='hidden' class='wpcf7-pum' value='{\"closepopup\":false,\"closedelay\":0,\"openpopup\":false,\"openpopup_id\":0}' \/><div class=\"wpcf7-response-output\" aria-hidden=\"true\"><\/div>\n<input type=\"hidden\" name=\"trp-form-language\" value=\"zh\"\/><\/form>\n<\/div>\n\n\n\n[\/col]\n\n[\/row]\n\n[\/section]","protected":false},"excerpt":{"rendered":"","protected":false},"author":1,"featured_media":0,"parent":0,"menu_order":0,"comment_status":"closed","ping_status":"closed","template":"page-blank.php","meta":{"footnotes":""},"class_list":["post-6407","page","type-page","status-publish","hentry"],"yoast_head":"<!-- This site is optimized with the Yoast SEO Premium plugin v24.5 (Yoast SEO v25.8) - https:\/\/yoast.com\/wordpress\/plugins\/seo\/ -->\n<title>MMM \u0111\u1ecdc n\u01b0\u1edbc - LC Tech<\/title>\n<meta name=\"robots\" content=\"index, follow, max-snippet:-1, max-image-preview:large, max-video-preview:-1\" \/>\n<link rel=\"canonical\" href=\"https:\/\/lctech.vn\/zh\/mmm-doc-nuoc\/\" \/>\n<meta property=\"og:locale\" content=\"zh_CN\" \/>\n<meta property=\"og:type\" content=\"article\" \/>\n<meta property=\"og:title\" content=\"MMM \u0111\u1ecdc n\u01b0\u1edbc\" \/>\n<meta property=\"og:url\" content=\"https:\/\/lctech.vn\/zh\/mmm-doc-nuoc\/\" \/>\n<meta property=\"og:site_name\" content=\"LC Tech\" \/>\n<meta property=\"article:modified_time\" content=\"2024-10-14T10:19:18+00:00\" \/>\n<meta name=\"twitter:card\" content=\"summary_large_image\" \/>\n<meta name=\"twitter:label1\" content=\"\u9884\u8ba1\u9605\u8bfb\u65f6\u95f4\" \/>\n\t<meta name=\"twitter:data1\" content=\"5 \u5206\" \/>\n<!-- \/ Yoast SEO Premium plugin. -->","yoast_head_json":{"title":"MMM \u0111\u1ecdc n\u01b0\u1edbc - LC Tech","robots":{"index":"index","follow":"follow","max-snippet":"max-snippet:-1","max-image-preview":"max-image-preview:large","max-video-preview":"max-video-preview:-1"},"canonical":"https:\/\/lctech.vn\/zh\/mmm-doc-nuoc\/","og_locale":"zh_CN","og_type":"article","og_title":"MMM \u0111\u1ecdc n\u01b0\u1edbc","og_url":"https:\/\/lctech.vn\/zh\/mmm-doc-nuoc\/","og_site_name":"LC Tech","article_modified_time":"2024-10-14T10:19:18+00:00","twitter_card":"summary_large_image","twitter_misc":{"\u9884\u8ba1\u9605\u8bfb\u65f6\u95f4":"5 \u5206"},"schema":{"@context":"https:\/\/schema.org","@graph":[{"@type":"WebPage","@id":"https:\/\/lctech.vn\/mmm-doc-nuoc\/","url":"https:\/\/lctech.vn\/mmm-doc-nuoc\/","name":"MMM \u0111\u1ecdc n\u01b0\u1edbc - LC Tech","isPartOf":{"@id":"https:\/\/lctech.vn\/#website"},"datePublished":"2024-07-24T08:01:35+00:00","dateModified":"2024-10-14T10:19:18+00:00","breadcrumb":{"@id":"https:\/\/lctech.vn\/mmm-doc-nuoc\/#breadcrumb"},"inLanguage":"zh-Hans","potentialAction":[{"@type":"ReadAction","target":["https:\/\/lctech.vn\/mmm-doc-nuoc\/"]}]},{"@type":"BreadcrumbList","@id":"https:\/\/lctech.vn\/mmm-doc-nuoc\/#breadcrumb","itemListElement":[{"@type":"ListItem","position":1,"name":"Home","item":"https:\/\/lctech.vn\/"},{"@type":"ListItem","position":2,"name":"MMM \u0111\u1ecdc n\u01b0\u1edbc"}]},{"@type":"WebSite","@id":"https:\/\/lctech.vn\/#website","url":"https:\/\/lctech.vn\/","name":"LC Tech","description":"M\u00e1y \u0111\u1ecdc ch\u1ec9 s\u1ed1 th\u00f4ng minh MMM","publisher":{"@id":"https:\/\/lctech.vn\/#organization"},"potentialAction":[{"@type":"SearchAction","target":{"@type":"EntryPoint","urlTemplate":"https:\/\/lctech.vn\/?s={search_term_string}"},"query-input":{"@type":"PropertyValueSpecification","valueRequired":true,"valueName":"search_term_string"}}],"inLanguage":"zh-Hans"},{"@type":"Organization","@id":"https:\/\/lctech.vn\/#organization","name":"LC Tech","url":"https:\/\/lctech.vn\/","logo":{"@type":"ImageObject","inLanguage":"zh-Hans","@id":"https:\/\/lctech.vn\/#\/schema\/logo\/image\/","url":"https:\/\/lctech.vn\/wp-content\/uploads\/2024\/05\/icon.png","contentUrl":"https:\/\/lctech.vn\/wp-content\/uploads\/2024\/05\/icon.png","width":257,"height":257,"caption":"LC Tech"},"image":{"@id":"https:\/\/lctech.vn\/#\/schema\/logo\/image\/"}}]}},"_links":{"self":[{"href":"https:\/\/lctech.vn\/zh\/wp-json\/wp\/v2\/pages\/6407","targetHints":{"allow":["GET"]}}],"collection":[{"href":"https:\/\/lctech.vn\/zh\/wp-json\/wp\/v2\/pages"}],"about":[{"href":"https:\/\/lctech.vn\/zh\/wp-json\/wp\/v2\/types\/page"}],"author":[{"embeddable":true,"href":"https:\/\/lctech.vn\/zh\/wp-json\/wp\/v2\/users\/1"}],"replies":[{"embeddable":true,"href":"https:\/\/lctech.vn\/zh\/wp-json\/wp\/v2\/comments?post=6407"}],"version-history":[{"count":29,"href":"https:\/\/lctech.vn\/zh\/wp-json\/wp\/v2\/pages\/6407\/revisions"}],"predecessor-version":[{"id":6965,"href":"https:\/\/lctech.vn\/zh\/wp-json\/wp\/v2\/pages\/6407\/revisions\/6965"}],"wp:attachment":[{"href":"https:\/\/lctech.vn\/zh\/wp-json\/wp\/v2\/media?parent=6407"}],"curies":[{"name":"wp","href":"https:\/\/api.w.org\/{rel}","templated":true}]}}