{"id":16346,"date":"2025-02-07T10:55:51","date_gmt":"2025-02-07T03:55:51","guid":{"rendered":"https:\/\/web.lctech.vn\/?post_type=product&#038;p=16346"},"modified":"2026-01-21T20:23:03","modified_gmt":"2026-01-21T13:23:03","slug":"may-doc-chi-so-nuoc-thong-minh-mmm","status":"publish","type":"product","link":"https:\/\/lctech.vn\/zh\/product\/may-doc-chi-so-nuoc-thong-minh-mmm\/","title":{"rendered":"M\u00e1y \u0111\u1ecdc ch\u1ec9 s\u1ed1 n\u01b0\u1edbc th\u00f4ng minh MMM"},"content":{"rendered":"<p dir=\"ltr\" data-pm-slice=\"1 1 []\"><strong>M\u00e1y \u0111\u1ecdc ch\u1ec9 s\u1ed1 n\u01b0\u1edbc th\u00f4ng minh<\/strong> l\u00e0 m\u1ed9t thi\u1ebft b\u1ecb hi\u1ec7n \u0111\u1ea1i \u0111\u01b0\u1ee3c thi\u1ebft k\u1ebf \u0111\u1ec3 \u0111o l\u01b0\u1eddng v\u00e0 gi\u00e1m s\u00e1t m\u1ee9c ti\u00eau th\u1ee5 n\u01b0\u1edbc ch\u00ednh x\u00e1c, gi\u00fap ng\u01b0\u1eddi d\u00f9ng t\u1ed1i \u01b0u h\u00f3a vi\u1ec7c s\u1eed d\u1ee5ng t\u00e0i nguy\u00ean v\u00e0 gi\u1ea3m chi ph\u00ed. S\u1ea3n ph\u1ea9m \u0111\u01b0\u1ee3c ph\u00e1t tri\u1ec3n b\u1edfi <strong>C\u00f4ng ty TNHH C\u00f4ng ngh\u1ec7 LC Vi\u1ec7t Nam<\/strong>, mang \u0111\u1ebfn gi\u1ea3i ph\u00e1p l\u00fd t\u01b0\u1edfng cho h\u1ed9 gia \u0111\u00ecnh, doanh nghi\u1ec7p v\u00e0 c\u00e1c t\u1ed5 ch\u1ee9c trong vi\u1ec7c qu\u1ea3n l\u00fd ngu\u1ed3n n\u01b0\u1edbc hi\u1ec7u qu\u1ea3.<\/p>\n<h2 dir=\"ltr\">\u0110\u1eb7c \u0110i\u1ec3m N\u1ed5i B\u1eadt<\/h2>\n<ul class=\"tight\" dir=\"ltr\" data-tight=\"true\">\n<li>\n<p dir=\"ltr\"><strong>\u1ee8ng d\u1ee5ng linh ho\u1ea1t<\/strong>: Ph\u00f9 h\u1ee3p cho nhi\u1ec1u m\u00f4i tr\u01b0\u1eddng, t\u1eeb h\u1ed9 gia \u0111\u00ecnh \u0111\u1ebfn c\u00f4ng nghi\u1ec7p.<\/p>\n<\/li>\n<li>\n<p dir=\"ltr\"><strong>L\u1ee3i \u00edch ch\u00ednh<\/strong>:<\/p>\n<ol class=\"tight\" dir=\"ltr\" data-tight=\"true\">\n<li>\n<p dir=\"ltr\">Ti\u1ebft ki\u1ec7m <strong>5% &#8211; 20% l\u01b0\u1ee3ng n\u01b0\u1edbc ti\u00eau th\u1ee5<\/strong> nh\u1edd gi\u00e1m s\u00e1t th\u00f4ng minh.<\/p>\n<\/li>\n<li>\n<p dir=\"ltr\"><strong>Gi\u1ea3m chi ph\u00ed v\u1eadn h\u00e0nh<\/strong> v\u00e0 t\u1ed1i \u01b0u h\u00f3a h\u00f3a \u0111\u01a1n ti\u1ec1n n\u01b0\u1edbc.<\/p>\n<\/li>\n<li>\n<p dir=\"ltr\"><strong>Ti\u1ebft ki\u1ec7m th\u1eddi gian v\u00e0 nh\u00e2n l\u1ef1c<\/strong>, gi\u1ea3m thi\u1ec3u sai s\u00f3t so v\u1edbi ph\u01b0\u01a1ng ph\u00e1p th\u1ee7 c\u00f4ng.<\/p>\n<\/li>\n<li>\n<p dir=\"ltr\"><strong>H\u1ed7 tr\u1ee3 chuy\u1ec3n \u0111\u1ed5i s\u1ed1 &#8211; ESG<\/strong>, g\u00f3p ph\u1ea7n v\u00e0o ph\u00e1t tri\u1ec3n b\u1ec1n v\u1eefng.<\/p>\n<\/li>\n<\/ol>\n<\/li>\n<li>\n<p dir=\"ltr\"><strong>Ch\u1ee9c n\u0103ng n\u1ed5i b\u1eadt<\/strong>:<\/p>\n<ol class=\"tight\" dir=\"ltr\" data-tight=\"true\">\n<li>\n<p dir=\"ltr\">\u0110o l\u01b0\u1eddng v\u00e0 th\u1ed1ng k\u00ea ti\u00eau th\u1ee5 n\u01b0\u1edbc theo th\u1eddi gian th\u1ef1c.<\/p>\n<\/li>\n<li>\n<p dir=\"ltr\">T\u00edch h\u1ee3p v\u1edbi c\u00e1c n\u1ec1n t\u1ea3ng qu\u1ea3n l\u00fd th\u00f4ng minh.<\/p>\n<\/li>\n<li>\n<p dir=\"ltr\">Qu\u1ea3n l\u00fd t\u1eeb xa, t\u1eadp trung v\u00e0 ti\u1ec7n l\u1ee3i.<\/p>\n<\/li>\n<\/ol>\n<\/li>\n<\/ul>\n<h2 dir=\"ltr\">Thi\u1ebft K\u1ebf v\u00e0 C\u1ea5u H\u00ecnh<\/h2>\n<ul class=\"tight\" dir=\"ltr\" data-tight=\"true\">\n<li>\n<p dir=\"ltr\"><strong>Thi\u1ebft k\u1ebf hi\u1ec7n \u0111\u1ea1i<\/strong>: Nh\u1ecf g\u1ecdn, d\u1ec5 d\u00e0ng l\u1eafp \u0111\u1eb7t trong m\u1ecdi \u0111i\u1ec1u ki\u1ec7n.<\/p>\n<\/li>\n<li>\n<p dir=\"ltr\"><strong>V\u1eadt li\u1ec7u ch\u1ea5t l\u01b0\u1ee3ng<\/strong>: \u0110\u1ea3m b\u1ea3o \u0111\u1ed9 b\u1ec1n cao v\u00e0 ho\u1ea1t \u0111\u1ed9ng \u1ed5n \u0111\u1ecbnh l\u00e2u d\u00e0i.<\/p>\n<\/li>\n<\/ul>\n<h2 dir=\"ltr\">L\u1ee3i \u00cdch Khi S\u1eed D\u1ee5ng<\/h2>\n<ul class=\"tight\" dir=\"ltr\" data-tight=\"true\">\n<li>\n<p dir=\"ltr\"><strong>Ti\u1ebft ki\u1ec7m chi ph\u00ed<\/strong>: Theo d\u00f5i s\u00e1t sao m\u1ee9c ti\u00eau th\u1ee5 n\u01b0\u1edbc, gi\u1ea3m h\u00f3a \u0111\u01a1n h\u00e0ng th\u00e1ng.<\/p>\n<\/li>\n<li>\n<p dir=\"ltr\"><strong>B\u1ea3o v\u1ec7 m\u00f4i tr\u01b0\u1eddng<\/strong>: H\u1ed7 tr\u1ee3 s\u1eed d\u1ee5ng t\u00e0i nguy\u00ean n\u01b0\u1edbc b\u1ec1n v\u1eefng, ph\u00f9 h\u1ee3p xu h\u01b0\u1edbng xanh.<\/p>\n<\/li>\n<li>\n<p dir=\"ltr\"><strong>T\u00edch h\u1ee3p d\u1ec5 d\u00e0ng<\/strong>: K\u1ebft n\u1ed1i linh ho\u1ea1t v\u1edbi h\u1ec7 th\u1ed1ng qu\u1ea3n l\u00fd c\u1ee7a doanh nghi\u1ec7p ho\u1eb7c gia \u0111\u00ecnh.<\/p>\n<\/li>\n<\/ul>\n<h2 dir=\"ltr\">Ch\u1ee9ng Nh\u1eadn v\u00e0 Th\u00e0nh T\u1ef1u<\/h2>\n<ul class=\"tight\" dir=\"ltr\" data-tight=\"true\">\n<li>\n<p dir=\"ltr\"><strong>Gi\u1ea3i th\u01b0\u1edfng Hackathon 2020 &#8211; Smart City<\/strong>: Ghi nh\u1eadn s\u1ef1 \u0111\u1ed5i m\u1edbi trong c\u00f4ng ngh\u1ec7.<\/p>\n<\/li>\n<li>\n<p dir=\"ltr\"><strong>Ch\u1ee9ng nh\u1eadn qu\u1ed1c t\u1ebf<\/strong>: \u0110\u1ea1t ti\u00eau chu\u1ea9n ch\u1ea5t l\u01b0\u1ee3ng v\u00e0 \u0111\u1ed9 tin c\u1eady.<\/p>\n<\/li>\n<li>\n<p dir=\"ltr\"><strong>Gi\u1ea3i Nh\u1ea5t City<\/strong>: Kh\u1eb3ng \u0111\u1ecbnh vai tr\u00f2 trong ph\u00e1t tri\u1ec3n \u0111\u00f4 th\u1ecb th\u00f4ng minh.<\/p>\n<\/li>\n<\/ul>\n<h2 dir=\"ltr\">Tr\u1ea3i Nghi\u1ec7m Gi\u1ea3i Ph\u00e1p T\u01b0\u01a1ng Lai<\/h2>\n<p dir=\"ltr\"><strong>M\u00e1y \u0111\u1ecdc ch\u1ec9 s\u1ed1 n\u01b0\u1edbc th\u00f4ng minh<\/strong> kh\u00f4ng ch\u1ec9 l\u00e0 thi\u1ebft b\u1ecb \u0111o l\u01b0\u1eddng m\u00e0 c\u00f2n l\u00e0 gi\u1ea3i ph\u00e1p to\u00e0n di\u1ec7n gi\u00fap qu\u1ea3n l\u00fd t\u00e0i nguy\u00ean hi\u1ec7u qu\u1ea3, ti\u1ebft ki\u1ec7m chi ph\u00ed v\u00e0 th\u00fac \u0111\u1ea9y chuy\u1ec3n \u0111\u1ed5i s\u1ed1. \u0110\u00e2y l\u00e0 l\u1ef1a ch\u1ecdn t\u1ed1i \u01b0u cho cu\u1ed9c s\u1ed1ng hi\u1ec7n \u0111\u1ea1i v\u00e0 b\u1ec1n v\u1eefng.<\/p>\n<p dir=\"ltr\"><em>Li\u00ean h\u1ec7: C\u00f4ng ty TNHH C\u00f4ng ngh\u1ec7 LC Vi\u1ec7t Nam &#8211; S\u1ed1 10, t\u1ed5 4, ph\u01b0\u1eddng T\u1eeb Li\u00eam, th\u00e0nh ph\u1ed1 H\u00e0 N\u1ed9i | Email: email@lctech.vn | Website: https:\/\/lctech.vn\/<\/em><\/p>","protected":false},"excerpt":{"rendered":"<p>M\u00e1y \u0111\u1ecdc ch\u1ec9 s\u1ed1 n\u01b0\u1edbc th\u00f4ng minh l\u00e0 m\u1ed9t thi\u1ebft b\u1ecb hi\u1ec7n \u0111\u1ea1i \u0111\u01b0\u1ee3c thi\u1ebft k\u1ebf \u0111\u1ec3 \u0111o l\u01b0\u1eddng v\u00e0<\/p>","protected":false},"featured_media":15880,"template":"","meta":[],"product_brand":[103],"product_cat":[59],"product_tag":[],"class_list":{"0":"post-16346","1":"product","2":"type-product","3":"status-publish","4":"has-post-thumbnail","6":"product_brand-mmm","7":"product_cat-may-doc-nuoc","9":"first","10":"instock","11":"taxable","12":"shipping-taxable","13":"product-type-simple"},"yoast_head":"<!-- This site is optimized with the Yoast SEO Premium plugin v24.5 (Yoast SEO v25.8) - https:\/\/yoast.com\/wordpress\/plugins\/seo\/ -->\n<title>M\u00e1y \u0111\u1ecdc ch\u1ec9 s\u1ed1 n\u01b0\u1edbc th\u00f4ng minh MMM - LC Tech<\/title>\n<meta name=\"robots\" content=\"index, follow, max-snippet:-1, max-image-preview:large, max-video-preview:-1\" \/>\n<link rel=\"canonical\" href=\"https:\/\/lctech.vn\/zh\/product\/may-doc-chi-so-nuoc-thong-minh-mmm\/\" \/>\n<meta property=\"og:locale\" content=\"zh_CN\" \/>\n<meta property=\"og:type\" content=\"article\" \/>\n<meta property=\"og:title\" content=\"M\u00e1y \u0111\u1ecdc ch\u1ec9 s\u1ed1 n\u01b0\u1edbc th\u00f4ng minh MMM\" \/>\n<meta property=\"og:description\" content=\"M\u00e1y \u0111\u1ecdc ch\u1ec9 s\u1ed1 n\u01b0\u1edbc th\u00f4ng minh l\u00e0 m\u1ed9t thi\u1ebft b\u1ecb hi\u1ec7n \u0111\u1ea1i \u0111\u01b0\u1ee3c thi\u1ebft k\u1ebf \u0111\u1ec3 \u0111o l\u01b0\u1eddng v\u00e0\" \/>\n<meta property=\"og:url\" content=\"https:\/\/lctech.vn\/zh\/product\/may-doc-chi-so-nuoc-thong-minh-mmm\/\" \/>\n<meta property=\"og:site_name\" content=\"LC Tech\" \/>\n<meta property=\"article:modified_time\" content=\"2026-01-21T13:23:03+00:00\" \/>\n<meta property=\"og:image\" content=\"https:\/\/lctech.vn\/wp-content\/uploads\/2025\/01\/2-1.png\" \/>\n\t<meta property=\"og:image:width\" content=\"580\" \/>\n\t<meta property=\"og:image:height\" content=\"460\" \/>\n\t<meta property=\"og:image:type\" content=\"image\/png\" \/>\n<meta name=\"twitter:card\" content=\"summary_large_image\" \/>\n<meta name=\"twitter:label1\" content=\"\u9884\u8ba1\u9605\u8bfb\u65f6\u95f4\" \/>\n\t<meta name=\"twitter:data1\" content=\"3 \u5206\" \/>\n<!-- \/ Yoast SEO Premium plugin. -->","yoast_head_json":{"title":"M\u00e1y \u0111\u1ecdc ch\u1ec9 s\u1ed1 n\u01b0\u1edbc th\u00f4ng minh MMM - LC Tech","robots":{"index":"index","follow":"follow","max-snippet":"max-snippet:-1","max-image-preview":"max-image-preview:large","max-video-preview":"max-video-preview:-1"},"canonical":"https:\/\/lctech.vn\/zh\/product\/may-doc-chi-so-nuoc-thong-minh-mmm\/","og_locale":"zh_CN","og_type":"article","og_title":"M\u00e1y \u0111\u1ecdc ch\u1ec9 s\u1ed1 n\u01b0\u1edbc th\u00f4ng minh MMM","og_description":"M\u00e1y \u0111\u1ecdc ch\u1ec9 s\u1ed1 n\u01b0\u1edbc th\u00f4ng minh l\u00e0 m\u1ed9t thi\u1ebft b\u1ecb hi\u1ec7n \u0111\u1ea1i \u0111\u01b0\u1ee3c thi\u1ebft k\u1ebf \u0111\u1ec3 \u0111o l\u01b0\u1eddng v\u00e0","og_url":"https:\/\/lctech.vn\/zh\/product\/may-doc-chi-so-nuoc-thong-minh-mmm\/","og_site_name":"LC Tech","article_modified_time":"2026-01-21T13:23:03+00:00","og_image":[{"width":580,"height":460,"url":"https:\/\/lctech.vn\/wp-content\/uploads\/2025\/01\/2-1.png","type":"image\/png"}],"twitter_card":"summary_large_image","twitter_misc":{"\u9884\u8ba1\u9605\u8bfb\u65f6\u95f4":"3 \u5206"},"schema":{"@context":"https:\/\/schema.org","@graph":[{"@type":"WebPage","@id":"https:\/\/lctech.vn\/san-pham\/may-doc-chi-so-nuoc-thong-minh-mmm\/","url":"https:\/\/lctech.vn\/san-pham\/may-doc-chi-so-nuoc-thong-minh-mmm\/","name":"M\u00e1y \u0111\u1ecdc ch\u1ec9 s\u1ed1 n\u01b0\u1edbc th\u00f4ng minh MMM - LC Tech","isPartOf":{"@id":"https:\/\/lctech.vn\/#website"},"primaryImageOfPage":{"@id":"https:\/\/lctech.vn\/san-pham\/may-doc-chi-so-nuoc-thong-minh-mmm\/#primaryimage"},"image":{"@id":"https:\/\/lctech.vn\/san-pham\/may-doc-chi-so-nuoc-thong-minh-mmm\/#primaryimage"},"thumbnailUrl":"https:\/\/lctech.vn\/wp-content\/uploads\/2025\/01\/2-1.png","datePublished":"2025-02-07T03:55:51+00:00","dateModified":"2026-01-21T13:23:03+00:00","breadcrumb":{"@id":"https:\/\/lctech.vn\/san-pham\/may-doc-chi-so-nuoc-thong-minh-mmm\/#breadcrumb"},"inLanguage":"zh-Hans","potentialAction":[{"@type":"ReadAction","target":["https:\/\/lctech.vn\/san-pham\/may-doc-chi-so-nuoc-thong-minh-mmm\/"]}]},{"@type":"ImageObject","inLanguage":"zh-Hans","@id":"https:\/\/lctech.vn\/san-pham\/may-doc-chi-so-nuoc-thong-minh-mmm\/#primaryimage","url":"https:\/\/lctech.vn\/wp-content\/uploads\/2025\/01\/2-1.png","contentUrl":"https:\/\/lctech.vn\/wp-content\/uploads\/2025\/01\/2-1.png","width":580,"height":460},{"@type":"BreadcrumbList","@id":"https:\/\/lctech.vn\/san-pham\/may-doc-chi-so-nuoc-thong-minh-mmm\/#breadcrumb","itemListElement":[{"@type":"ListItem","position":1,"name":"Home","item":"https:\/\/lctech.vn\/"},{"@type":"ListItem","position":2,"name":"S\u1ea3n ph\u1ea9m","item":"https:\/\/lctech.vn\/san-pham\/"},{"@type":"ListItem","position":3,"name":"M\u00e1y \u0111\u1ecdc ch\u1ec9 s\u1ed1 n\u01b0\u1edbc th\u00f4ng minh MMM"}]},{"@type":"WebSite","@id":"https:\/\/lctech.vn\/#website","url":"https:\/\/lctech.vn\/","name":"LC Tech","description":"M\u00e1y \u0111\u1ecdc ch\u1ec9 s\u1ed1 th\u00f4ng minh MMM","publisher":{"@id":"https:\/\/lctech.vn\/#organization"},"potentialAction":[{"@type":"SearchAction","target":{"@type":"EntryPoint","urlTemplate":"https:\/\/lctech.vn\/?s={search_term_string}"},"query-input":{"@type":"PropertyValueSpecification","valueRequired":true,"valueName":"search_term_string"}}],"inLanguage":"zh-Hans"},{"@type":"Organization","@id":"https:\/\/lctech.vn\/#organization","name":"LC Tech","url":"https:\/\/lctech.vn\/","logo":{"@type":"ImageObject","inLanguage":"zh-Hans","@id":"https:\/\/lctech.vn\/#\/schema\/logo\/image\/","url":"https:\/\/lctech.vn\/wp-content\/uploads\/2024\/05\/icon.png","contentUrl":"https:\/\/lctech.vn\/wp-content\/uploads\/2024\/05\/icon.png","width":257,"height":257,"caption":"LC Tech"},"image":{"@id":"https:\/\/lctech.vn\/#\/schema\/logo\/image\/"}}]}},"_links":{"self":[{"href":"https:\/\/lctech.vn\/zh\/wp-json\/wp\/v2\/product\/16346","targetHints":{"allow":["GET"]}}],"collection":[{"href":"https:\/\/lctech.vn\/zh\/wp-json\/wp\/v2\/product"}],"about":[{"href":"https:\/\/lctech.vn\/zh\/wp-json\/wp\/v2\/types\/product"}],"version-history":[{"count":4,"href":"https:\/\/lctech.vn\/zh\/wp-json\/wp\/v2\/product\/16346\/revisions"}],"predecessor-version":[{"id":17605,"href":"https:\/\/lctech.vn\/zh\/wp-json\/wp\/v2\/product\/16346\/revisions\/17605"}],"wp:featuredmedia":[{"embeddable":true,"href":"https:\/\/lctech.vn\/zh\/wp-json\/wp\/v2\/media\/15880"}],"wp:attachment":[{"href":"https:\/\/lctech.vn\/zh\/wp-json\/wp\/v2\/media?parent=16346"}],"wp:term":[{"taxonomy":"product_brand","embeddable":true,"href":"https:\/\/lctech.vn\/zh\/wp-json\/wp\/v2\/product_brand?post=16346"},{"taxonomy":"product_cat","embeddable":true,"href":"https:\/\/lctech.vn\/zh\/wp-json\/wp\/v2\/product_cat?post=16346"},{"taxonomy":"product_tag","embeddable":true,"href":"https:\/\/lctech.vn\/zh\/wp-json\/wp\/v2\/product_tag?post=16346"}],"curies":[{"name":"wp","href":"https:\/\/api.w.org\/{rel}","templated":true}]}}